{"id":2000,"date":"2025-09-06T12:54:17","date_gmt":"2025-09-06T11:54:17","guid":{"rendered":"https:\/\/paleturquoise-bat-536349.hostingersite.com\/?page_id=2000"},"modified":"2025-09-30T13:54:28","modified_gmt":"2025-09-30T12:54:28","slug":"psie-taxi","status":"publish","type":"page","link":"https:\/\/groomroombetty.nl\/nl\/psie-taxi\/","title":{"rendered":"Hondentaxi"},"content":{"rendered":"<div class=\"wp-block-group psie-taxi-container has-background is-layout-constrained wp-container-core-group-is-layout-f604f408 wp-block-group-is-layout-constrained\" style=\"background-color:#ffffff;margin-top:0;margin-bottom:0;padding-top:0;padding-right:0;padding-bottom:0;padding-left:0\">\n<div style=\"height:60px\" aria-hidden=\"true\" class=\"wp-block-spacer\"><\/div>\n\n\n\n<div class=\"wp-block-group is-layout-constrained wp-container-core-group-is-layout-6a163195 wp-block-group-is-layout-constrained\" style=\"padding-top:100px;padding-right:20px;padding-bottom:80px;padding-left:20px\">\n<p class=\"has-text-align-center has-text-color\" style=\"color:#86868b;margin-bottom:20px;font-size:13px;font-weight:600;letter-spacing:0.08em;text-transform:uppercase\">Transport voor huisdieren<\/p>\n\n\n\n<p class=\"has-text-align-center\" style=\"margin-bottom:24px;font-size:72px\">\ud83d\ude90<\/p>\n\n\n\n<h2 class=\"wp-block-heading has-text-align-center has-text-color\" style=\"color:#1d1d1f;margin-bottom:32px;font-size:clamp(40px, 5.5vw, 64px);font-weight:700;letter-spacing:-0.02em;line-height:1.1\">Hondentaxi<\/h2>\n\n\n\n<p class=\"has-text-align-center has-text-color\" style=\"color:#515154;margin-bottom:48px;font-size:22px;font-weight:400;line-height:1.5\">Is de salon ver weg? Is uw hond groot en lastig te vervoeren? Of heeft u gewoonweg geen mogelijkheden om zelf te komen? Maak u geen zorgen \u2013 <strong style=\"color:#1d1d1f;font-weight:600\">Wij hebben hiervoor een oplossing!<\/strong> Wij hebben een speciaal uitgeruste auto, speciaal voor u ontworpen <strong style=\"color:#1d1d1f;font-weight:600\">comfort en veiligheid van huisdieren<\/strong>. \ud83d\udc36\ud83d\udcbc<\/p>\n\n\n\n<div class=\"wp-block-group is-content-justification-center is-layout-flex wp-container-core-group-is-layout-1b3b8122 wp-block-group-is-layout-flex\" style=\"margin-top:60px;margin-bottom:60px\">\n<div class=\"wp-block-buttons is-layout-flex wp-block-buttons-is-layout-flex\">\n<div class=\"wp-block-button is-style-fill\"><a class=\"wp-block-button__link has-blush-color has-text-color has-background has-custom-font-size wp-element-button\" href=\"tel:+48123456789\" style=\"border-radius:980px;background-color:linear-gradient(180deg, #9d6381 0%, #7d4e68 100%);padding-top:18px;padding-right:40px;padding-bottom:18px;padding-left:40px;font-size:17px;font-style:normal;font-weight:500;letter-spacing:0.02em\">Bestel Transport<\/a><\/div>\n<\/div>\n\n\n\n<div class=\"wp-block-buttons is-layout-flex wp-block-buttons-is-layout-flex\">\n<div class=\"wp-block-button\"><a class=\"wp-block-button__link has-text-color has-background has-border-color has-custom-font-size wp-element-button\" href=\"#uslugi\" style=\"border-color:#d2d2d7;border-width:2px;border-radius:980px;color:#1d1d1f;background-color:#ffffff;padding-top:18px;padding-right:40px;padding-bottom:18px;padding-left:40px;font-size:17px;font-style:normal;font-weight:500;letter-spacing:0.02em\">Meer informatie<\/a><\/div>\n<\/div>\n<\/div>\n<\/div>\n\n\n\n<div style=\"height:40px\" aria-hidden=\"true\" class=\"wp-block-spacer\"><\/div>\n\n\n\n<div class=\"wp-block-group has-border-color has-background is-layout-constrained wp-container-core-group-is-layout-6f59d593 wp-block-group-is-layout-constrained\" style=\"border-color:rgba(157, 99, 129, 0.1);border-width:1px;border-radius:32px;background-color:linear-gradient(135deg, rgba(157, 99, 129, 0.05) 0%, rgba(125, 78, 104, 0.05) 100%);margin-top:100px;margin-bottom:100px;padding-top:80px;padding-right:40px;padding-bottom:80px;padding-left:40px\">\n<h2 class=\"wp-block-heading has-text-align-center has-text-color\" style=\"color:#1d1d1f;margin-bottom:16px;font-size:36px;font-style:normal;font-weight:600\">Jak to dzia\u0142a? \ud83d\ude90<\/h2>\n\n\n\n<p class=\"has-text-align-center has-text-color\" style=\"color:#515154;margin-bottom:48px;font-size:18px\">Veilig vervoer van deur tot deur<\/p>\n\n\n\n<div class=\"wp-block-columns is-layout-flex wp-container-core-columns-is-layout-8f6a528b wp-block-columns-is-layout-flex\">\n<div class=\"wp-block-column is-layout-flow wp-block-column-is-layout-flow\">\n<div class=\"wp-block-group has-background is-layout-flow wp-block-group-is-layout-flow\" style=\"border-radius:16px;background-color:#ffffff;padding-top:20px;padding-right:20px;padding-bottom:20px;padding-left:20px\">\n<div class=\"wp-block-group is-content-justification-left is-nowrap is-layout-flex wp-container-core-group-is-layout-f56a869c wp-block-group-is-layout-flex\">\n<div class=\"wp-block-group is-layout-flow wp-block-group-is-layout-flow\">\n<h3 class=\"wp-block-heading has-text-color\" style=\"color:#1d1d1f;margin-bottom:6px;font-size:18px;font-weight:600\">Ophalen bij u thuis<\/h3>\n\n\n\n<p class=\"has-text-color\" style=\"color:#515154;font-size:15px;line-height:1.5\">Wij komen op het afgesproken tijdstip bij u aan de deur en halen uw huisdier veilig op.<\/p>\n<\/div>\n<\/div>\n<\/div>\n<\/div>\n\n\n\n<div class=\"wp-block-column is-layout-flow wp-block-column-is-layout-flow\">\n<div class=\"wp-block-group has-background is-layout-flow wp-block-group-is-layout-flow\" style=\"border-radius:16px;background-color:#ffffff;padding-top:20px;padding-right:20px;padding-bottom:20px;padding-left:20px\">\n<div class=\"wp-block-group is-content-justification-left is-nowrap is-layout-flex wp-container-core-group-is-layout-f56a869c wp-block-group-is-layout-flex\">\n<div class=\"wp-block-group is-layout-flow wp-block-group-is-layout-flow\">\n<h3 class=\"wp-block-heading has-text-color\" style=\"color:#1d1d1f;margin-bottom:6px;font-size:18px;font-weight:600\">Comfortabele reis<\/h3>\n\n\n\n<p class=\"has-text-color\" style=\"color:#515154;font-size:15px;line-height:1.5\">Een speciaal uitgeruste auto zorgt voor veiligheid en comfort tijdens het transport<\/p>\n<\/div>\n<\/div>\n<\/div>\n<\/div>\n<\/div>\n\n\n\n<div class=\"wp-block-columns is-layout-flex wp-container-core-columns-is-layout-8f6a528b wp-block-columns-is-layout-flex\">\n<div class=\"wp-block-column is-layout-flow wp-block-column-is-layout-flow\">\n<div class=\"wp-block-group has-background is-layout-flow wp-block-group-is-layout-flow\" style=\"border-radius:16px;background-color:#ffffff;padding-top:20px;padding-right:20px;padding-bottom:20px;padding-left:20px\">\n<div class=\"wp-block-group is-content-justification-left is-nowrap is-layout-flex wp-container-core-group-is-layout-f56a869c wp-block-group-is-layout-flex\">\n<div class=\"wp-block-group is-layout-flow wp-block-group-is-layout-flow\">\n<h3 class=\"wp-block-heading has-text-color\" style=\"color:#1d1d1f;margin-bottom:6px;font-size:18px;font-weight:600\">Volledige verzorging<\/h3>\n\n\n\n<p class=\"has-text-color\" style=\"color:#515154;font-size:15px;line-height:1.5\">In de salon krijgt uw hond een compleet verzorgingspakket geheel naar uw wensen.<\/p>\n<\/div>\n<\/div>\n<\/div>\n<\/div>\n\n\n\n<div class=\"wp-block-column is-layout-flow wp-block-column-is-layout-flow\">\n<div class=\"wp-block-group has-background is-layout-flow wp-block-group-is-layout-flow\" style=\"border-radius:16px;background-color:#ffffff;padding-top:20px;padding-right:20px;padding-bottom:20px;padding-left:20px\">\n<div class=\"wp-block-group is-content-justification-left is-nowrap is-layout-flex wp-container-core-group-is-layout-f56a869c wp-block-group-is-layout-flex\">\n<div class=\"wp-block-group is-layout-flow wp-block-group-is-layout-flow\">\n<h3 class=\"wp-block-heading has-text-color\" style=\"color:#1d1d1f;margin-bottom:6px;font-size:18px;font-weight:600\">Thuisbezorging<\/h3>\n\n\n\n<p class=\"has-text-color\" style=\"color:#515154;font-size:15px;line-height:1.5\">Na de behandelingen krijgt u uw huisdier weer mee terug \u2013 schoon, fris en gelukkig.<\/p>\n<\/div>\n<\/div>\n<\/div>\n<\/div>\n<\/div>\n<\/div>\n\n\n\n<div style=\"height:60px\" aria-hidden=\"true\" class=\"wp-block-spacer\"><\/div>\n\n\n\n<div class=\"wp-block-columns is-layout-flex wp-container-core-columns-is-layout-f06ebaa8 wp-block-columns-is-layout-flex\" style=\"margin-top:100px;margin-bottom:100px;padding-top:0;padding-right:20px;padding-bottom:0;padding-left:20px\">\n<div class=\"wp-block-column is-layout-flow wp-block-column-is-layout-flow\">\n<div class=\"wp-block-group has-background is-layout-flow wp-block-group-is-layout-flow\" style=\"border-radius:24px;background-color:#ffffff;padding-top:40px;padding-right:30px;padding-bottom:40px;padding-left:30px\">\n<p class=\"has-text-align-center\" style=\"margin-bottom:24px;font-size:48px\">\ud83d\udc65<\/p>\n\n\n\n<h3 class=\"wp-block-heading has-text-align-center has-text-color\" style=\"color:#1d1d1f;margin-bottom:16px;font-size:24px;font-weight:600\">Voor wie?<\/h3>\n\n\n\n<ul style=\"color:#515154;margin-top:20px;font-size:16px;line-height:1.6\" class=\"wp-block-list has-text-color\">\n<li style=\"margin-bottom:12px\">Ouderen of mensen die moeilijk ter plaatse kunnen komen<\/li>\n\n\n\n<li style=\"margin-bottom:12px\">Eigenaren van grote honden die moeilijk te vervoeren zijn<\/li>\n\n\n\n<li style=\"margin-bottom:12px\">Voor iedereen die rust en comfort zoekt<\/li>\n\n\n\n<li style=\"margin-bottom:12px\">Mensen zonder auto of tijdelijk zonder vervoersmogelijkheden<\/li>\n<\/ul>\n<\/div>\n<\/div>\n\n\n\n<div class=\"wp-block-column is-layout-flow wp-block-column-is-layout-flow\">\n<div class=\"wp-block-group has-background is-layout-flow wp-block-group-is-layout-flow\" style=\"border-radius:24px;background-color:#ffffff;padding-top:40px;padding-right:30px;padding-bottom:40px;padding-left:30px\">\n<p class=\"has-text-align-center\" style=\"margin-bottom:24px;font-size:48px\">\ud83d\udee1\ufe0f<\/p>\n\n\n\n<h3 class=\"wp-block-heading has-text-align-center has-text-color\" style=\"color:#1d1d1f;margin-bottom:16px;font-size:24px;font-weight:600\">Beveiliging<\/h3>\n\n\n\n<ul style=\"color:#515154;margin-top:20px;font-size:16px;line-height:1.6\" class=\"wp-block-list has-text-color\">\n<li style=\"margin-bottom:12px\">Speciale voertuiguitrusting voor dieren<\/li>\n\n\n\n<li style=\"margin-bottom:12px\">Veilige dragers en veiligheidsgordels<\/li>\n\n\n\n<li style=\"margin-bottom:12px\">Een ervaren chauffeur met een passie voor honden<\/li>\n\n\n\n<li style=\"margin-bottom:12px\">Airconditioning en ventilatie voor het comfort van uw huisdier<\/li>\n<\/ul>\n<\/div>\n<\/div>\n\n\n\n<div class=\"wp-block-column is-layout-flow wp-block-column-is-layout-flow\">\n<div class=\"wp-block-group has-background is-layout-flow wp-block-group-is-layout-flow\" style=\"border-radius:24px;background-color:#ffffff;padding-top:40px;padding-right:30px;padding-bottom:40px;padding-left:30px\">\n<p class=\"has-text-align-center\" style=\"margin-bottom:24px;font-size:48px\">\ud83d\udc8e<\/p>\n\n\n\n<h3 class=\"wp-block-heading has-text-align-center has-text-color\" style=\"color:#1d1d1f;margin-bottom:16px;font-size:24px;font-weight:600\">VIP-voordelen<\/h3>\n\n\n\n<ul style=\"color:#515154;margin-top:20px;font-size:16px;line-height:1.6\" class=\"wp-block-list has-text-color\">\n<li style=\"margin-bottom:12px\">Tijd en energie besparen<\/li>\n\n\n\n<li style=\"margin-bottom:12px\">Geen stress verbonden aan transport<\/li>\n\n\n\n<li style=\"margin-bottom:12px\">Zekerheid van professionele zorg<\/li>\n\n\n\n<li style=\"margin-bottom:12px\">Comfort voor u en uw huisdier<\/li>\n<\/ul>\n<\/div>\n<\/div>\n<\/div>\n\n\n\n<div style=\"height:40px\" aria-hidden=\"true\" class=\"wp-block-spacer\"><\/div>\n\n\n\n<div class=\"wp-block-group has-background is-layout-constrained wp-container-core-group-is-layout-6f59d593 wp-block-group-is-layout-constrained\" style=\"border-radius:32px;background-color:linear-gradient(135deg, #f5f5f7 0%, #fafafa 100%);margin-top:100px;margin-bottom:100px;padding-top:80px;padding-right:40px;padding-bottom:80px;padding-left:40px\">\n<h2 class=\"wp-block-heading has-text-align-center has-text-color\" style=\"color:#1d1d1f;margin-bottom:24px;font-size:36px;font-weight:600\">Uw huisdier reist mee als een VIP!<\/h2>\n\n\n\n<p class=\"has-text-align-center has-text-color\" style=\"color:#515154;margin-bottom:48px;font-size:20px;line-height:1.5\">Comfort, veiligheid en gemak in \u00e9\u00e9n pakket<\/p>\n\n\n\n<div class=\"wp-block-columns is-layout-flex wp-container-core-columns-is-layout-019f8f99 wp-block-columns-is-layout-flex\">\n<div class=\"wp-block-column is-layout-flow wp-block-column-is-layout-flow\">\n<div class=\"wp-block-group has-background is-content-justification-center is-nowrap is-layout-flex wp-container-core-group-is-layout-2ab526cf wp-block-group-is-layout-flex\" style=\"border-radius:16px;background-color:#ffffff;padding-top:24px;padding-right:24px;padding-bottom:24px;padding-left:24px\">\n<figure class=\"wp-block-image size-full is-resized is-style-rounded\"><img fetchpriority=\"high\" decoding=\"async\" width=\"1000\" height=\"764\" src=\"https:\/\/groomroombetty.nl\/wp-content\/uploads\/2025\/09\/psie-taxi.webp\" alt=\"\" class=\"wp-image-2422\" style=\"aspect-ratio:1;object-fit:cover;width:250px\" srcset=\"https:\/\/groomroombetty.nl\/wp-content\/uploads\/2025\/09\/psie-taxi.webp 1000w, https:\/\/groomroombetty.nl\/wp-content\/uploads\/2025\/09\/psie-taxi-300x229.webp 300w, https:\/\/groomroombetty.nl\/wp-content\/uploads\/2025\/09\/psie-taxi-768x587.webp 768w, https:\/\/groomroombetty.nl\/wp-content\/uploads\/2025\/09\/psie-taxi-16x12.webp 16w, https:\/\/groomroombetty.nl\/wp-content\/uploads\/2025\/09\/psie-taxi-600x458.webp 600w\" sizes=\"(max-width: 1000px) 100vw, 1000px\" \/><\/figure>\n<\/div>\n<\/div>\n\n\n\n<div class=\"wp-block-column is-layout-flow wp-block-column-is-layout-flow\">\n<div class=\"wp-block-group has-background is-content-justification-center is-nowrap is-layout-flex wp-container-core-group-is-layout-2ab526cf wp-block-group-is-layout-flex\" style=\"border-radius:16px;background-color:#ffffff;padding-top:24px;padding-right:24px;padding-bottom:24px;padding-left:24px\">\n<figure class=\"wp-block-image size-full is-resized is-style-rounded\"><img decoding=\"async\" width=\"1024\" height=\"1024\" src=\"https:\/\/groomroombetty.nl\/wp-content\/uploads\/2025\/09\/psie-taxi-1.webp\" alt=\"\" class=\"wp-image-2463\" style=\"width:250px\" srcset=\"https:\/\/groomroombetty.nl\/wp-content\/uploads\/2025\/09\/psie-taxi-1.webp 1024w, https:\/\/groomroombetty.nl\/wp-content\/uploads\/2025\/09\/psie-taxi-1-300x300.webp 300w, https:\/\/groomroombetty.nl\/wp-content\/uploads\/2025\/09\/psie-taxi-1-150x150.webp 150w, https:\/\/groomroombetty.nl\/wp-content\/uploads\/2025\/09\/psie-taxi-1-768x768.webp 768w, https:\/\/groomroombetty.nl\/wp-content\/uploads\/2025\/09\/psie-taxi-1-12x12.webp 12w, https:\/\/groomroombetty.nl\/wp-content\/uploads\/2025\/09\/psie-taxi-1-600x600.webp 600w, https:\/\/groomroombetty.nl\/wp-content\/uploads\/2025\/09\/psie-taxi-1-100x100.webp 100w\" sizes=\"(max-width: 1024px) 100vw, 1024px\" \/><\/figure>\n<\/div>\n<\/div>\n<\/div>\n<\/div>\n\n\n\n<div style=\"height:50px\" aria-hidden=\"true\" class=\"wp-block-spacer\"><\/div>\n<\/div>","protected":false},"excerpt":{"rendered":"<p>Transport dla Czworonog\u00f3w \ud83d\ude90 Psie Taxi Masz daleko do salonu? Tw\u00f3j pies jest du\u017cy i ci\u0119\u017cko go przewie\u017a\u0107? A mo\u017ce po prostu nie masz mo\u017cliwo\u015bci, by samemu przyjecha\u0107? Spokojnie \u2013 mamy na to rozwi\u0105zanie! Dysponujemy specjalnie wyposa\u017conym samochodem, stworzonym z my\u015bl\u0105 o komforcie i bezpiecze\u0144stwie czworonog\u00f3w. \ud83d\udc36\ud83d\udcbc Jak to dzia\u0142a? \ud83d\ude90 Bezpieczny transport od drzwi [&hellip;]<\/p>","protected":false},"author":1,"featured_media":0,"parent":0,"menu_order":0,"comment_status":"closed","ping_status":"closed","template":"","meta":{"footnotes":""},"class_list":["post-2000","page","type-page","status-publish","hentry"],"yoast_head":"<!-- This site is optimized with the Yoast SEO plugin v26.0 - https:\/\/yoast.com\/wordpress\/plugins\/seo\/ -->\n<title>Psie taxi | Groom Room Betty \u2013 transport dla ps\u00f3w<\/title>\n<meta name=\"description\" content=\"Nie mo\u017cesz przywie\u017a\u0107 psa do groomera? Skorzystaj z naszego psiego taxi! Odbierzemy i odwieziemy Twojego pupila bez stresu i z pe\u0142nym bezpiecze\u0144stwem.\" \/>\n<meta name=\"robots\" content=\"index, follow, max-snippet:-1, max-image-preview:large, max-video-preview:-1\" \/>\n<link rel=\"canonical\" href=\"https:\/\/groomroombetty.nl\/nl\/psie-taxi\/\" \/>\n<meta property=\"og:locale\" content=\"nl_NL\" \/>\n<meta property=\"og:type\" content=\"article\" \/>\n<meta property=\"og:title\" content=\"Psie taxi | Groom Room Betty \u2013 transport dla ps\u00f3w\" \/>\n<meta property=\"og:description\" content=\"Nie mo\u017cesz przywie\u017a\u0107 psa do groomera? Skorzystaj z naszego psiego taxi! Odbierzemy i odwieziemy Twojego pupila bez stresu i z pe\u0142nym bezpiecze\u0144stwem.\" \/>\n<meta property=\"og:url\" content=\"https:\/\/groomroombetty.nl\/nl\/psie-taxi\/\" \/>\n<meta property=\"og:site_name\" content=\"The Groom Room Betty\" \/>\n<meta property=\"article:modified_time\" content=\"2025-09-30T12:54:28+00:00\" \/>\n<meta property=\"og:image\" content=\"https:\/\/groomroombetty.nl\/wp-content\/uploads\/2025\/09\/psie-taxi.webp\" \/>\n<meta name=\"twitter:card\" content=\"summary_large_image\" \/>\n<meta name=\"twitter:label1\" content=\"Geschatte leestijd\" \/>\n\t<meta name=\"twitter:data1\" content=\"2 minuten\" \/>\n<script type=\"application\/ld+json\" class=\"yoast-schema-graph\">{\"@context\":\"https:\/\/schema.org\",\"@graph\":[{\"@type\":\"WebPage\",\"@id\":\"https:\/\/groomroombetty.nl\/psie-taxi\/\",\"url\":\"https:\/\/groomroombetty.nl\/psie-taxi\/\",\"name\":\"Psie taxi | Groom Room Betty \u2013 transport dla ps\u00f3w\",\"isPartOf\":{\"@id\":\"https:\/\/paleturquoise-bat-536349.hostingersite.com\/#website\"},\"primaryImageOfPage\":{\"@id\":\"https:\/\/groomroombetty.nl\/psie-taxi\/#primaryimage\"},\"image\":{\"@id\":\"https:\/\/groomroombetty.nl\/psie-taxi\/#primaryimage\"},\"thumbnailUrl\":\"https:\/\/groomroombetty.nl\/wp-content\/uploads\/2025\/09\/psie-taxi.webp\",\"datePublished\":\"2025-09-06T11:54:17+00:00\",\"dateModified\":\"2025-09-30T12:54:28+00:00\",\"description\":\"Nie mo\u017cesz przywie\u017a\u0107 psa do groomera? Skorzystaj z naszego psiego taxi! Odbierzemy i odwieziemy Twojego pupila bez stresu i z pe\u0142nym bezpiecze\u0144stwem.\",\"breadcrumb\":{\"@id\":\"https:\/\/groomroombetty.nl\/psie-taxi\/#breadcrumb\"},\"inLanguage\":\"nl-NL\",\"potentialAction\":[{\"@type\":\"ReadAction\",\"target\":[\"https:\/\/groomroombetty.nl\/psie-taxi\/\"]}]},{\"@type\":\"ImageObject\",\"inLanguage\":\"nl-NL\",\"@id\":\"https:\/\/groomroombetty.nl\/psie-taxi\/#primaryimage\",\"url\":\"https:\/\/groomroombetty.nl\/wp-content\/uploads\/2025\/09\/psie-taxi.webp\",\"contentUrl\":\"https:\/\/groomroombetty.nl\/wp-content\/uploads\/2025\/09\/psie-taxi.webp\"},{\"@type\":\"BreadcrumbList\",\"@id\":\"https:\/\/groomroombetty.nl\/psie-taxi\/#breadcrumb\",\"itemListElement\":[{\"@type\":\"ListItem\",\"position\":1,\"name\":\"Strona g\u0142\u00f3wna\",\"item\":\"https:\/\/paleturquoise-bat-536349.hostingersite.com\/\"},{\"@type\":\"ListItem\",\"position\":2,\"name\":\"Psie Taxi\"}]},{\"@type\":\"WebSite\",\"@id\":\"https:\/\/paleturquoise-bat-536349.hostingersite.com\/#website\",\"url\":\"https:\/\/paleturquoise-bat-536349.hostingersite.com\/\",\"name\":\"The Groom Room Betty\",\"description\":\"\",\"publisher\":{\"@id\":\"https:\/\/paleturquoise-bat-536349.hostingersite.com\/#organization\"},\"potentialAction\":[{\"@type\":\"SearchAction\",\"target\":{\"@type\":\"EntryPoint\",\"urlTemplate\":\"https:\/\/paleturquoise-bat-536349.hostingersite.com\/?s={search_term_string}\"},\"query-input\":{\"@type\":\"PropertyValueSpecification\",\"valueRequired\":true,\"valueName\":\"search_term_string\"}}],\"inLanguage\":\"nl-NL\"},{\"@type\":\"Organization\",\"@id\":\"https:\/\/paleturquoise-bat-536349.hostingersite.com\/#organization\",\"name\":\"The Groom Room Betty\",\"url\":\"https:\/\/paleturquoise-bat-536349.hostingersite.com\/\",\"logo\":{\"@type\":\"ImageObject\",\"inLanguage\":\"nl-NL\",\"@id\":\"https:\/\/paleturquoise-bat-536349.hostingersite.com\/#\/schema\/logo\/image\/\",\"url\":\"https:\/\/groomroombetty.nl\/wp-content\/uploads\/2025\/03\/cropped-cropped-logo-no-background-1-1.png\",\"contentUrl\":\"https:\/\/groomroombetty.nl\/wp-content\/uploads\/2025\/03\/cropped-cropped-logo-no-background-1-1.png\",\"width\":1497,\"height\":1719,\"caption\":\"The Groom Room Betty\"},\"image\":{\"@id\":\"https:\/\/paleturquoise-bat-536349.hostingersite.com\/#\/schema\/logo\/image\/\"}}]}<\/script>\n<!-- \/ Yoast SEO plugin. -->","yoast_head_json":{"title":"Psie taxi | Groom Room Betty \u2013 transport dla ps\u00f3w","description":"Nie mo\u017cesz przywie\u017a\u0107 psa do groomera? Skorzystaj z naszego psiego taxi! Odbierzemy i odwieziemy Twojego pupila bez stresu i z pe\u0142nym bezpiecze\u0144stwem.","robots":{"index":"index","follow":"follow","max-snippet":"max-snippet:-1","max-image-preview":"max-image-preview:large","max-video-preview":"max-video-preview:-1"},"canonical":"https:\/\/groomroombetty.nl\/nl\/psie-taxi\/","og_locale":"nl_NL","og_type":"article","og_title":"Psie taxi | Groom Room Betty \u2013 transport dla ps\u00f3w","og_description":"Nie mo\u017cesz przywie\u017a\u0107 psa do groomera? Skorzystaj z naszego psiego taxi! Odbierzemy i odwieziemy Twojego pupila bez stresu i z pe\u0142nym bezpiecze\u0144stwem.","og_url":"https:\/\/groomroombetty.nl\/nl\/psie-taxi\/","og_site_name":"The Groom Room Betty","article_modified_time":"2025-09-30T12:54:28+00:00","og_image":[{"url":"https:\/\/groomroombetty.nl\/wp-content\/uploads\/2025\/09\/psie-taxi.webp","type":"","width":"","height":""}],"twitter_card":"summary_large_image","twitter_misc":{"Geschatte leestijd":"2 minuten"},"schema":{"@context":"https:\/\/schema.org","@graph":[{"@type":"WebPage","@id":"https:\/\/groomroombetty.nl\/psie-taxi\/","url":"https:\/\/groomroombetty.nl\/psie-taxi\/","name":"Psie taxi | Groom Room Betty \u2013 transport dla ps\u00f3w","isPartOf":{"@id":"https:\/\/paleturquoise-bat-536349.hostingersite.com\/#website"},"primaryImageOfPage":{"@id":"https:\/\/groomroombetty.nl\/psie-taxi\/#primaryimage"},"image":{"@id":"https:\/\/groomroombetty.nl\/psie-taxi\/#primaryimage"},"thumbnailUrl":"https:\/\/groomroombetty.nl\/wp-content\/uploads\/2025\/09\/psie-taxi.webp","datePublished":"2025-09-06T11:54:17+00:00","dateModified":"2025-09-30T12:54:28+00:00","description":"Nie mo\u017cesz przywie\u017a\u0107 psa do groomera? Skorzystaj z naszego psiego taxi! Odbierzemy i odwieziemy Twojego pupila bez stresu i z pe\u0142nym bezpiecze\u0144stwem.","breadcrumb":{"@id":"https:\/\/groomroombetty.nl\/psie-taxi\/#breadcrumb"},"inLanguage":"nl-NL","potentialAction":[{"@type":"ReadAction","target":["https:\/\/groomroombetty.nl\/psie-taxi\/"]}]},{"@type":"ImageObject","inLanguage":"nl-NL","@id":"https:\/\/groomroombetty.nl\/psie-taxi\/#primaryimage","url":"https:\/\/groomroombetty.nl\/wp-content\/uploads\/2025\/09\/psie-taxi.webp","contentUrl":"https:\/\/groomroombetty.nl\/wp-content\/uploads\/2025\/09\/psie-taxi.webp"},{"@type":"BreadcrumbList","@id":"https:\/\/groomroombetty.nl\/psie-taxi\/#breadcrumb","itemListElement":[{"@type":"ListItem","position":1,"name":"Strona g\u0142\u00f3wna","item":"https:\/\/paleturquoise-bat-536349.hostingersite.com\/"},{"@type":"ListItem","position":2,"name":"Psie Taxi"}]},{"@type":"WebSite","@id":"https:\/\/paleturquoise-bat-536349.hostingersite.com\/#website","url":"https:\/\/paleturquoise-bat-536349.hostingersite.com\/","name":"The Groom Room Betty","description":"","publisher":{"@id":"https:\/\/paleturquoise-bat-536349.hostingersite.com\/#organization"},"potentialAction":[{"@type":"SearchAction","target":{"@type":"EntryPoint","urlTemplate":"https:\/\/paleturquoise-bat-536349.hostingersite.com\/?s={search_term_string}"},"query-input":{"@type":"PropertyValueSpecification","valueRequired":true,"valueName":"search_term_string"}}],"inLanguage":"nl-NL"},{"@type":"Organization","@id":"https:\/\/paleturquoise-bat-536349.hostingersite.com\/#organization","name":"The Groom Room Betty","url":"https:\/\/paleturquoise-bat-536349.hostingersite.com\/","logo":{"@type":"ImageObject","inLanguage":"nl-NL","@id":"https:\/\/paleturquoise-bat-536349.hostingersite.com\/#\/schema\/logo\/image\/","url":"https:\/\/groomroombetty.nl\/wp-content\/uploads\/2025\/03\/cropped-cropped-logo-no-background-1-1.png","contentUrl":"https:\/\/groomroombetty.nl\/wp-content\/uploads\/2025\/03\/cropped-cropped-logo-no-background-1-1.png","width":1497,"height":1719,"caption":"The Groom Room Betty"},"image":{"@id":"https:\/\/paleturquoise-bat-536349.hostingersite.com\/#\/schema\/logo\/image\/"}}]}},"_links":{"self":[{"href":"https:\/\/groomroombetty.nl\/nl\/wp-json\/wp\/v2\/pages\/2000","targetHints":{"allow":["GET"]}}],"collection":[{"href":"https:\/\/groomroombetty.nl\/nl\/wp-json\/wp\/v2\/pages"}],"about":[{"href":"https:\/\/groomroombetty.nl\/nl\/wp-json\/wp\/v2\/types\/page"}],"author":[{"embeddable":true,"href":"https:\/\/groomroombetty.nl\/nl\/wp-json\/wp\/v2\/users\/1"}],"replies":[{"embeddable":true,"href":"https:\/\/groomroombetty.nl\/nl\/wp-json\/wp\/v2\/comments?post=2000"}],"version-history":[{"count":7,"href":"https:\/\/groomroombetty.nl\/nl\/wp-json\/wp\/v2\/pages\/2000\/revisions"}],"predecessor-version":[{"id":2466,"href":"https:\/\/groomroombetty.nl\/nl\/wp-json\/wp\/v2\/pages\/2000\/revisions\/2466"}],"wp:attachment":[{"href":"https:\/\/groomroombetty.nl\/nl\/wp-json\/wp\/v2\/media?parent=2000"}],"curies":[{"name":"wp","href":"https:\/\/api.w.org\/{rel}","templated":true}]}}