{"id":1998,"date":"2025-09-06T12:53:47","date_gmt":"2025-09-06T11:53:47","guid":{"rendered":"https:\/\/paleturquoise-bat-536349.hostingersite.com\/?page_id=1998"},"modified":"2025-09-29T14:34:56","modified_gmt":"2025-09-29T13:34:56","slug":"psi-detoks-od-insektow","status":"publish","type":"page","link":"https:\/\/groomroombetty.nl\/nl\/psi-detoks-od-insektow\/","title":{"rendered":"Ontgifting van insecten bij honden"},"content":{"rendered":"<div class=\"wp-block-group psi-detoks-container has-background is-layout-constrained wp-container-core-group-is-layout-f604f408 wp-block-group-is-layout-constrained\" style=\"background-color:#ffffff;margin-top:0;margin-bottom:0;padding-top:0;padding-right:0;padding-bottom:0;padding-left:0\">\n<div style=\"height:60px\" aria-hidden=\"true\" class=\"wp-block-spacer\"><\/div>\n\n\n\n<div class=\"wp-block-group is-layout-constrained wp-container-core-group-is-layout-6a163195 wp-block-group-is-layout-constrained\" style=\"padding-top:100px;padding-right:20px;padding-bottom:80px;padding-left:20px\">\n<p class=\"has-text-align-center has-text-color\" style=\"color:#86868b;margin-bottom:20px;font-size:13px;font-weight:600;letter-spacing:0.08em;text-transform:uppercase\">Gespecialiseerde zorg<\/p>\n\n\n\n<p class=\"has-text-align-center\" style=\"margin-bottom:24px;font-size:72px\">\ud83d\udc3e<\/p>\n\n\n\n<h2 class=\"wp-block-heading has-text-align-center has-text-color\" style=\"color:#1d1d1f;margin-bottom:32px;font-size:clamp(40px, 5.5vw, 64px);font-weight:700;letter-spacing:-0.02em;line-height:1.1\">Insectendetox voor honden<\/h2>\n\n\n\n<p class=\"has-text-align-center has-text-color\" style=\"color:#515154;margin-bottom:48px;font-size:22px;font-weight:400;line-height:1.5\">Je hond is gevangen <strong style=\"color:#1d1d1f;font-weight:600\">ongewenste huurders<\/strong> \u2013 teken, vlooien of andere insecten? \ud83d\ude2c Geen zorgen! Wij hebben speciale, professionele verzorging voor hem, die veel aandacht, tijd en de juiste producten vereist om je viervoeter een veilig en geborgen gevoel te geven. <strong style=\"color:#1d1d1f;font-weight:600\">comfortabel en veilig<\/strong>.<\/p>\n\n\n\n<div class=\"wp-block-group is-content-justification-center is-layout-flex wp-container-core-group-is-layout-1b3b8122 wp-block-group-is-layout-flex\" style=\"margin-top:60px;margin-bottom:60px\">\n<div class=\"wp-block-buttons is-layout-flex wp-block-buttons-is-layout-flex\">\n<div class=\"wp-block-button\"><a class=\"wp-block-button__link has-blush-color has-text-color has-background has-custom-font-size wp-element-button\" href=\"tel:+48123456789\" style=\"border-radius:980px;background-color:linear-gradient(180deg, #9d6381 0%, #7d4e68 100%);padding-top:18px;padding-right:40px;padding-bottom:18px;padding-left:40px;font-size:17px;font-style:normal;font-weight:500;letter-spacing:0.02em\">Maak een afspraak bij Booksy<\/a><\/div>\n<\/div>\n\n\n\n<div class=\"wp-block-buttons is-layout-flex wp-block-buttons-is-layout-flex\">\n<div class=\"wp-block-button\"><a class=\"wp-block-button__link has-text-color has-background has-border-color has-custom-font-size wp-element-button\" href=\"#uslugi\" style=\"border-color:#d2d2d7;border-width:2px;border-radius:980px;color:#1d1d1f;background-color:#ffffff;padding-top:18px;padding-right:40px;padding-bottom:18px;padding-left:40px;font-size:17px;font-style:normal;font-weight:500;letter-spacing:0.02em\">Meer informatie<\/a><\/div>\n<\/div>\n<\/div>\n<\/div>\n\n\n\n<div style=\"height:40px\" aria-hidden=\"true\" class=\"wp-block-spacer\"><\/div>\n\n\n\n<div class=\"wp-block-group has-border-color has-background is-layout-constrained wp-container-core-group-is-layout-6f59d593 wp-block-group-is-layout-constrained\" style=\"border-color:rgba(157, 99, 129, 0.1);border-width:1px;border-radius:32px;background-color:linear-gradient(135deg, rgba(157, 99, 129, 0.05) 0%, rgba(125, 78, 104, 0.05) 100%);margin-top:100px;margin-bottom:100px;padding-top:80px;padding-right:40px;padding-bottom:80px;padding-left:40px\">\n<h2 class=\"wp-block-heading has-text-align-center has-text-color\" style=\"color:#1d1d1f;margin-bottom:16px;font-size:36px;font-weight:600\">Wat houdt de behandeling in?<\/h2>\n\n\n\n<p class=\"has-text-align-center has-text-color\" style=\"color:#515154;margin-bottom:48px;font-size:18px\">Professionele zorg stap voor stap<\/p>\n\n\n\n<div class=\"wp-block-columns is-layout-flex wp-container-core-columns-is-layout-8f6a528b wp-block-columns-is-layout-flex\">\n<div class=\"wp-block-column is-layout-flow wp-block-column-is-layout-flow\">\n<div class=\"wp-block-group has-background is-layout-flow wp-block-group-is-layout-flow\" style=\"border-radius:16px;background-color:#ffffff;padding-top:20px;padding-right:20px;padding-bottom:20px;padding-left:20px\">\n<div class=\"wp-block-group is-content-justification-left is-nowrap is-layout-flex wp-container-core-group-is-layout-f56a869c wp-block-group-is-layout-flex\">\n<p class=\"has-text-color\" style=\"color:#9d6381;font-size:24px\">\u2714\ufe0f<\/p>\n\n\n\n<div class=\"wp-block-group is-layout-flow wp-block-group-is-layout-flow\">\n<h3 class=\"wp-block-heading has-text-color\" style=\"color:#1d1d1f;margin-bottom:6px;font-size:18px;font-weight:600\">Grondige reiniging van de vacht<\/h3>\n\n\n\n<p class=\"has-text-color\" style=\"color:#515154;font-size:15px;line-height:1.5\">Gebruik van gespecialiseerde cosmetica voor het verwijderen van insecten<\/p>\n<\/div>\n<\/div>\n<\/div>\n<\/div>\n\n\n\n<div class=\"wp-block-column is-layout-flow wp-block-column-is-layout-flow\">\n<div class=\"wp-block-group has-background is-layout-flow wp-block-group-is-layout-flow\" style=\"border-radius:16px;background-color:#ffffff;padding-top:20px;padding-right:20px;padding-bottom:20px;padding-left:20px\">\n<div class=\"wp-block-group is-content-justification-left is-nowrap is-layout-flex wp-container-core-group-is-layout-f56a869c wp-block-group-is-layout-flex\">\n<p class=\"has-text-color\" style=\"color:#9d6381;font-size:24px\">\u2714\ufe0f<\/p>\n\n\n\n<div class=\"wp-block-group is-layout-flow wp-block-group-is-layout-flow\">\n<h3 class=\"wp-block-heading has-text-color\" style=\"color:#1d1d1f;margin-bottom:6px;font-size:18px;font-weight:600\">Voedend en beschermend bad<\/h3>\n\n\n\n<p class=\"has-text-color\" style=\"color:#515154;font-size:15px;line-height:1.5\">Ondersteunt een gezonde huid en vacht, versterkt de natuurlijke beschermende barri\u00e8re<\/p>\n<\/div>\n<\/div>\n<\/div>\n<\/div>\n<\/div>\n\n\n\n<div class=\"wp-block-columns is-layout-flex wp-container-core-columns-is-layout-8f6a528b wp-block-columns-is-layout-flex\">\n<div class=\"wp-block-column is-layout-flow wp-block-column-is-layout-flow\">\n<div class=\"wp-block-group has-background is-layout-flow wp-block-group-is-layout-flow\" style=\"border-radius:16px;background-color:#ffffff;padding-top:20px;padding-right:20px;padding-bottom:20px;padding-left:20px\">\n<div class=\"wp-block-group is-content-justification-left is-nowrap is-layout-flex wp-container-core-group-is-layout-f56a869c wp-block-group-is-layout-flex\">\n<p class=\"has-text-color\" style=\"color:#9d6381;font-size:24px\">\u2714\ufe0f<\/p>\n\n\n\n<div class=\"wp-block-group is-layout-flow wp-block-group-is-layout-flow\">\n<h3 class=\"wp-block-heading has-text-color\" style=\"color:#1d1d1f;margin-bottom:6px;font-size:18px;font-weight:600\">Kammen en vachtcontrole<\/h3>\n\n\n\n<p class=\"has-text-color\" style=\"color:#515154;font-size:15px;line-height:1.5\">Wij verwijderen dood haar en controleren elke centimeter op insecten<\/p>\n<\/div>\n<\/div>\n<\/div>\n<\/div>\n\n\n\n<div class=\"wp-block-column is-layout-flow wp-block-column-is-layout-flow\">\n<div class=\"wp-block-group has-background is-layout-flow wp-block-group-is-layout-flow\" style=\"border-radius:16px;background-color:#ffffff;padding-top:20px;padding-right:20px;padding-bottom:20px;padding-left:20px\">\n<div class=\"wp-block-group is-content-justification-left is-nowrap is-layout-flex wp-container-core-group-is-layout-f56a869c wp-block-group-is-layout-flex\">\n<p class=\"has-text-color\" style=\"color:#9d6381;font-size:24px\">\u2714\ufe0f<\/p>\n\n\n\n<div class=\"wp-block-group is-layout-flow wp-block-group-is-layout-flow\">\n<h3 class=\"wp-block-heading has-text-color\" style=\"color:#1d1d1f;margin-bottom:6px;font-size:18px;font-weight:600\">Desinfectie van salons<\/h3>\n\n\n\n<p class=\"has-text-color\" style=\"color:#515154;font-size:15px;line-height:1.5\">De veiligheid van alle huisdieren is onze prioriteit<\/p>\n<\/div>\n<\/div>\n<\/div>\n<\/div>\n<\/div>\n\n\n\n<div class=\"wp-block-columns is-layout-flex wp-container-core-columns-is-layout-8f6a528b wp-block-columns-is-layout-flex\">\n<div class=\"wp-block-column is-layout-flow wp-block-column-is-layout-flow\">\n<div class=\"wp-block-group has-background is-layout-flow wp-block-group-is-layout-flow\" style=\"border-radius:16px;background-color:#ffffff;padding-top:20px;padding-right:20px;padding-bottom:20px;padding-left:20px\">\n<div class=\"wp-block-group is-content-justification-left is-nowrap is-layout-flex wp-container-core-group-is-layout-f56a869c wp-block-group-is-layout-flex\">\n<p class=\"has-text-color\" style=\"color:#9d6381;font-size:24px\">\u2714\ufe0f<\/p>\n\n\n\n<div class=\"wp-block-group is-layout-flow wp-block-group-is-layout-flow\">\n<h3 class=\"wp-block-heading has-text-color\" style=\"color:#1d1d1f;margin-bottom:6px;font-size:18px;font-weight:600\">Tips voor de eigenaar<\/h3>\n\n\n\n<p class=\"has-text-color\" style=\"color:#515154;font-size:15px;line-height:1.5\">Hoe u uw hond in de toekomst effectief kunt beschermen thuis en tijdens wandelingen<\/p>\n<\/div>\n<\/div>\n<\/div>\n<\/div>\n\n\n\n<div class=\"wp-block-column is-layout-flow wp-block-column-is-layout-flow\"><\/div>\n<\/div>\n<\/div>\n\n\n\n<div style=\"height:60px\" aria-hidden=\"true\" class=\"wp-block-spacer\"><\/div>\n\n\n\n<div class=\"wp-block-columns is-layout-flex wp-container-core-columns-is-layout-f06ebaa8 wp-block-columns-is-layout-flex\" style=\"margin-top:100px;margin-bottom:100px;padding-top:0;padding-right:20px;padding-bottom:0;padding-left:20px\">\n<div class=\"wp-block-column is-layout-flow wp-block-column-is-layout-flow\">\n<div class=\"wp-block-group has-background is-layout-flow wp-block-group-is-layout-flow\" style=\"border-radius:24px;background-color:#ffffff;padding-top:40px;padding-right:30px;padding-bottom:40px;padding-left:30px\">\n<p class=\"has-text-align-center\" style=\"margin-bottom:24px;font-size:48px\"><\/p>\n\n\n\n<h3 class=\"wp-block-heading has-text-align-center has-text-color\" style=\"color:#1d1d1f;margin-bottom:16px;font-size:24px;font-weight:600\">Waarom is het de moeite waard?<\/h3>\n\n\n\n<ul style=\"color:#515154;margin-top:20px;font-size:16px;line-height:1.6\" class=\"wp-block-list has-text-color\">\n<li style=\"margin-bottom:12px\">Een procedure die kennis, ervaring en tijd vereist<\/li>\n\n\n\n<li style=\"margin-bottom:12px\">Uw hond krijgt de volledige aandacht van de trimsalon<\/li>\n\n\n\n<li style=\"margin-bottom:12px\">Individuele aanpak van elk geval<\/li>\n\n\n\n<li style=\"margin-bottom:12px\">Alleen gebruik makend van bewezen methoden<\/li>\n<\/ul>\n<\/div>\n<\/div>\n\n\n\n<div class=\"wp-block-column is-layout-flow wp-block-column-is-layout-flow\">\n<div class=\"wp-block-group has-background is-layout-flow wp-block-group-is-layout-flow\" style=\"border-radius:24px;background-color:#ffffff;padding-top:40px;padding-right:30px;padding-bottom:40px;padding-left:30px\">\n<p class=\"has-text-align-center\" style=\"margin-bottom:24px;font-size:48px\"><\/p>\n\n\n\n<h3 class=\"wp-block-heading has-text-align-center has-text-color\" style=\"color:#1d1d1f;margin-bottom:16px;font-size:24px;font-weight:600\">Beveiliging<\/h3>\n\n\n\n<ul style=\"color:#515154;margin-top:20px;font-size:16px;line-height:1.6\" class=\"wp-block-list has-text-color\">\n<li style=\"margin-bottom:12px\">Comfort voor uw huisdier gedurende de gehele procedure<\/li>\n\n\n\n<li style=\"margin-bottom:12px\">Gespecialiseerde producten die veilig zijn voor honden<\/li>\n\n\n\n<li style=\"margin-bottom:12px\">Professionele salondesinfectie<\/li>\n\n\n\n<li style=\"margin-bottom:12px\">Gegarandeerd geen \"ongenode gasten\"<\/li>\n<\/ul>\n<\/div>\n<\/div>\n\n\n\n<div class=\"wp-block-column is-layout-flow wp-block-column-is-layout-flow\">\n<div class=\"wp-block-group has-background is-layout-flow wp-block-group-is-layout-flow\" style=\"border-radius:24px;background-color:#ffffff;padding-top:40px;padding-right:30px;padding-bottom:40px;padding-left:30px\">\n<p class=\"has-text-align-center\" style=\"margin-bottom:24px;font-size:48px\"><\/p>\n\n\n\n<h3 class=\"wp-block-heading has-text-align-center has-text-color\" style=\"color:#1d1d1f;margin-bottom:16px;font-size:24px;font-weight:600\">Premium-effect<\/h3>\n\n\n\n<ul style=\"color:#515154;margin-top:20px;font-size:16px;line-height:1.6\" class=\"wp-block-list has-text-color\">\n<li style=\"margin-bottom:12px\">Uw hond komt er schoon en netjes uit<\/li>\n\n\n\n<li style=\"margin-bottom:12px\">Uw hond komt er schoon en netjes uit<\/li>\n\n\n\n<li style=\"margin-bottom:12px\">Gezonde, gevoede huid<\/li>\n\n\n\n<li style=\"margin-bottom:12px\">Gemoedsrust voor de eigenaar<\/li>\n<\/ul>\n<\/div>\n<\/div>\n<\/div>\n\n\n\n<div style=\"height:40px\" aria-hidden=\"true\" class=\"wp-block-spacer\"><\/div>\n\n\n\n<div class=\"wp-block-group has-background is-layout-constrained wp-container-core-group-is-layout-6f59d593 wp-block-group-is-layout-constrained\" style=\"border-radius:32px;background-color:linear-gradient(135deg, #f5f5f7 0%, #fafafa 100%);margin-top:100px;margin-bottom:100px;padding-top:80px;padding-right:40px;padding-bottom:80px;padding-left:40px\">\n<h2 class=\"wp-block-heading has-text-align-center has-text-color\" style=\"color:#1d1d1f;margin-bottom:24px;font-size:36px;font-weight:600\">Na de behandeling zal uw hond:<\/h2>\n\n\n\n<p class=\"has-text-align-center has-text-color\" style=\"color:#515154;margin-bottom:48px;font-size:20px;line-height:1.5\">Professionele zorg met kwaliteitsgarantie<\/p>\n\n\n\n<div class=\"wp-block-columns is-layout-flex wp-container-core-columns-is-layout-019f8f99 wp-block-columns-is-layout-flex\">\n<div class=\"wp-block-column is-layout-flow wp-block-column-is-layout-flow\">\n<div class=\"wp-block-group has-background is-content-justification-center is-nowrap is-layout-flex wp-container-core-group-is-layout-2ab526cf wp-block-group-is-layout-flex\" style=\"border-radius:16px;background-color:#ffffff;padding-top:24px;padding-right:24px;padding-bottom:24px;padding-left:24px\">\n<p style=\"font-size:28px\">\u2728<\/p>\n\n\n\n<p class=\"has-text-color\" style=\"color:#1d1d1f;font-size:20px;font-weight:500\">Schoon en netjes<\/p>\n<\/div>\n<\/div>\n\n\n\n<div class=\"wp-block-column is-layout-flow wp-block-column-is-layout-flow\">\n<div class=\"wp-block-group has-background is-content-justification-center is-nowrap is-layout-flex wp-container-core-group-is-layout-2ab526cf wp-block-group-is-layout-flex\" style=\"border-radius:16px;background-color:#ffffff;padding-top:24px;padding-right:24px;padding-bottom:24px;padding-left:24px\">\n<p style=\"font-size:28px\">\ud83d\udee1\ufe0f<\/p>\n\n\n\n<p class=\"has-text-color\" style=\"color:#1d1d1f;font-size:20px;font-weight:500\">Insectenvrij<\/p>\n<\/div>\n<\/div>\n\n\n\n<div class=\"wp-block-column is-layout-flow wp-block-column-is-layout-flow\">\n<div class=\"wp-block-group has-background is-content-justification-center is-nowrap is-layout-flex wp-container-core-group-is-layout-2ab526cf wp-block-group-is-layout-flex\" style=\"border-radius:16px;background-color:#ffffff;padding-top:24px;padding-right:24px;padding-bottom:24px;padding-left:24px\">\n<p style=\"font-size:28px\">\ud83d\ude0c<\/p>\n\n\n\n<p class=\"has-text-color\" style=\"color:#1d1d1f;font-size:20px;font-weight:500\">Geen stress<\/p>\n<\/div>\n<\/div>\n\n\n\n<div class=\"wp-block-column is-layout-flow wp-block-column-is-layout-flow\">\n<div class=\"wp-block-group has-background is-content-justification-center is-nowrap is-layout-flex wp-container-core-group-is-layout-2ab526cf wp-block-group-is-layout-flex\" style=\"border-radius:16px;background-color:#ffffff;padding-top:24px;padding-right:24px;padding-bottom:24px;padding-left:24px\">\n<p style=\"font-size:28px\">\ud83d\udc96<\/p>\n\n\n\n<p class=\"has-text-color\" style=\"color:#1d1d1f;font-size:20px;font-weight:500\">Szcz\u0119\u015bliwy<\/p>\n<\/div>\n<\/div>\n<\/div>\n<\/div>\n\n\n\n<div style=\"height:50px\" aria-hidden=\"true\" class=\"wp-block-spacer\"><\/div>\n\n\n\n<div class=\"wp-block-group has-background is-layout-constrained wp-container-core-group-is-layout-7c46303c wp-block-group-is-layout-constrained\" style=\"border-radius:32px;background-color:linear-gradient(135deg, #833ab4 0%, #fd1d1d 50%, #fcb045 100%);margin-top:100px;margin-bottom:50px;padding-top:60px;padding-right:40px;padding-bottom:60px;padding-left:40px\">\n<p class=\"has-text-align-center\" style=\"margin-bottom:24px;font-size:56px\">\ud83d\udcf1<\/p>\n\n\n\n<h2 class=\"wp-block-heading has-text-align-center has-text-color\" style=\"color:#ffffff;margin-bottom:16px;font-size:32px;font-weight:600\">Volg ons op Instagram!<\/h2>\n\n\n\n<p class=\"has-text-align-center has-text-color\" style=\"color:rgba(255,255,255,0.95);font-size:18px;line-height:1.5\">Bekijk de resultaten van ons werk en ontmoet de gelukkige huisdieren die baat hebben gehad bij onze diensten. Sluit u aan bij de groep tevreden eigenaren! \ud83d\udc36\u2728<\/p>\n<\/div>\n<\/div>","protected":false},"excerpt":{"rendered":"<p>Specjalistyczna Piel\u0119gnacja \ud83d\udc3e Psi Detoks od Insekt\u00f3w Tw\u00f3j pies z\u0142apa\u0142 niechcianych lokator\u00f3w \u2013 kleszcze, pch\u0142y lub inne insekty? \ud83d\ude2c Spokojnie! Mamy dla niego specjaln\u0105, profesjonaln\u0105 piel\u0119gnacj\u0119, kt\u00f3ra wymaga du\u017co uwagi, czasu i odpowiednich produkt\u00f3w, aby Tw\u00f3j czworon\u00f3g czu\u0142 si\u0119 komfortowo i bezpiecznie. Co wchodzi w sk\u0142ad zabiegu? Profesjonalna piel\u0119gnacja krok po kroku \u2714\ufe0f Dok\u0142adne oczyszczenie [&hellip;]<\/p>","protected":false},"author":1,"featured_media":0,"parent":0,"menu_order":0,"comment_status":"closed","ping_status":"closed","template":"","meta":{"footnotes":""},"class_list":["post-1998","page","type-page","status-publish","hentry"],"yoast_head":"<!-- This site is optimized with the Yoast SEO plugin v26.0 - https:\/\/yoast.com\/wordpress\/plugins\/seo\/ -->\n<title>Usuwanie insekt\u00f3w u ps\u00f3w | Groom Room \u2013 detoks i piel\u0119gnacja<\/title>\n<meta name=\"description\" content=\"Bezpieczny detoks od insekt\u00f3w \u2013 skuteczna piel\u0119gnacja i naturalna ochrona Twojego psa przed pch\u0142ami i kleszczami. Groom Room zadba o zdrowie i komfort Twojego pupila.\" \/>\n<meta name=\"robots\" content=\"index, follow, max-snippet:-1, max-image-preview:large, max-video-preview:-1\" \/>\n<link rel=\"canonical\" href=\"https:\/\/groomroombetty.nl\/nl\/psi-detoks-od-insektow\/\" \/>\n<meta property=\"og:locale\" content=\"nl_NL\" \/>\n<meta property=\"og:type\" content=\"article\" \/>\n<meta property=\"og:title\" content=\"Usuwanie insekt\u00f3w u ps\u00f3w | Groom Room \u2013 detoks i piel\u0119gnacja\" \/>\n<meta property=\"og:description\" content=\"Bezpieczny detoks od insekt\u00f3w \u2013 skuteczna piel\u0119gnacja i naturalna ochrona Twojego psa przed pch\u0142ami i kleszczami. Groom Room zadba o zdrowie i komfort Twojego pupila.\" \/>\n<meta property=\"og:url\" content=\"https:\/\/groomroombetty.nl\/nl\/psi-detoks-od-insektow\/\" \/>\n<meta property=\"og:site_name\" content=\"The Groom Room Betty\" \/>\n<meta property=\"article:modified_time\" content=\"2025-09-29T13:34:56+00:00\" \/>\n<meta name=\"twitter:card\" content=\"summary_large_image\" \/>\n<meta name=\"twitter:label1\" content=\"Geschatte leestijd\" \/>\n\t<meta name=\"twitter:data1\" content=\"2 minuten\" \/>\n<script type=\"application\/ld+json\" class=\"yoast-schema-graph\">{\"@context\":\"https:\/\/schema.org\",\"@graph\":[{\"@type\":\"WebPage\",\"@id\":\"https:\/\/groomroombetty.nl\/psi-detoks-od-insektow\/\",\"url\":\"https:\/\/groomroombetty.nl\/psi-detoks-od-insektow\/\",\"name\":\"Usuwanie insekt\u00f3w u ps\u00f3w | Groom Room \u2013 detoks i piel\u0119gnacja\",\"isPartOf\":{\"@id\":\"https:\/\/paleturquoise-bat-536349.hostingersite.com\/#website\"},\"datePublished\":\"2025-09-06T11:53:47+00:00\",\"dateModified\":\"2025-09-29T13:34:56+00:00\",\"description\":\"Bezpieczny detoks od insekt\u00f3w \u2013 skuteczna piel\u0119gnacja i naturalna ochrona Twojego psa przed pch\u0142ami i kleszczami. Groom Room zadba o zdrowie i komfort Twojego pupila.\",\"breadcrumb\":{\"@id\":\"https:\/\/groomroombetty.nl\/psi-detoks-od-insektow\/#breadcrumb\"},\"inLanguage\":\"nl-NL\",\"potentialAction\":[{\"@type\":\"ReadAction\",\"target\":[\"https:\/\/groomroombetty.nl\/psi-detoks-od-insektow\/\"]}]},{\"@type\":\"BreadcrumbList\",\"@id\":\"https:\/\/groomroombetty.nl\/psi-detoks-od-insektow\/#breadcrumb\",\"itemListElement\":[{\"@type\":\"ListItem\",\"position\":1,\"name\":\"Strona g\u0142\u00f3wna\",\"item\":\"https:\/\/paleturquoise-bat-536349.hostingersite.com\/\"},{\"@type\":\"ListItem\",\"position\":2,\"name\":\"Psi detoks od insekt\u00f3w\"}]},{\"@type\":\"WebSite\",\"@id\":\"https:\/\/paleturquoise-bat-536349.hostingersite.com\/#website\",\"url\":\"https:\/\/paleturquoise-bat-536349.hostingersite.com\/\",\"name\":\"The Groom Room Betty\",\"description\":\"\",\"publisher\":{\"@id\":\"https:\/\/paleturquoise-bat-536349.hostingersite.com\/#organization\"},\"potentialAction\":[{\"@type\":\"SearchAction\",\"target\":{\"@type\":\"EntryPoint\",\"urlTemplate\":\"https:\/\/paleturquoise-bat-536349.hostingersite.com\/?s={search_term_string}\"},\"query-input\":{\"@type\":\"PropertyValueSpecification\",\"valueRequired\":true,\"valueName\":\"search_term_string\"}}],\"inLanguage\":\"nl-NL\"},{\"@type\":\"Organization\",\"@id\":\"https:\/\/paleturquoise-bat-536349.hostingersite.com\/#organization\",\"name\":\"The Groom Room Betty\",\"url\":\"https:\/\/paleturquoise-bat-536349.hostingersite.com\/\",\"logo\":{\"@type\":\"ImageObject\",\"inLanguage\":\"nl-NL\",\"@id\":\"https:\/\/paleturquoise-bat-536349.hostingersite.com\/#\/schema\/logo\/image\/\",\"url\":\"https:\/\/groomroombetty.nl\/wp-content\/uploads\/2025\/03\/cropped-cropped-logo-no-background-1-1.png\",\"contentUrl\":\"https:\/\/groomroombetty.nl\/wp-content\/uploads\/2025\/03\/cropped-cropped-logo-no-background-1-1.png\",\"width\":1497,\"height\":1719,\"caption\":\"The Groom Room Betty\"},\"image\":{\"@id\":\"https:\/\/paleturquoise-bat-536349.hostingersite.com\/#\/schema\/logo\/image\/\"}}]}<\/script>\n<!-- \/ Yoast SEO plugin. -->","yoast_head_json":{"title":"Usuwanie insekt\u00f3w u ps\u00f3w | Groom Room \u2013 detoks i piel\u0119gnacja","description":"Bezpieczny detoks od insekt\u00f3w \u2013 skuteczna piel\u0119gnacja i naturalna ochrona Twojego psa przed pch\u0142ami i kleszczami. Groom Room zadba o zdrowie i komfort Twojego pupila.","robots":{"index":"index","follow":"follow","max-snippet":"max-snippet:-1","max-image-preview":"max-image-preview:large","max-video-preview":"max-video-preview:-1"},"canonical":"https:\/\/groomroombetty.nl\/nl\/psi-detoks-od-insektow\/","og_locale":"nl_NL","og_type":"article","og_title":"Usuwanie insekt\u00f3w u ps\u00f3w | Groom Room \u2013 detoks i piel\u0119gnacja","og_description":"Bezpieczny detoks od insekt\u00f3w \u2013 skuteczna piel\u0119gnacja i naturalna ochrona Twojego psa przed pch\u0142ami i kleszczami. Groom Room zadba o zdrowie i komfort Twojego pupila.","og_url":"https:\/\/groomroombetty.nl\/nl\/psi-detoks-od-insektow\/","og_site_name":"The Groom Room Betty","article_modified_time":"2025-09-29T13:34:56+00:00","twitter_card":"summary_large_image","twitter_misc":{"Geschatte leestijd":"2 minuten"},"schema":{"@context":"https:\/\/schema.org","@graph":[{"@type":"WebPage","@id":"https:\/\/groomroombetty.nl\/psi-detoks-od-insektow\/","url":"https:\/\/groomroombetty.nl\/psi-detoks-od-insektow\/","name":"Usuwanie insekt\u00f3w u ps\u00f3w | Groom Room \u2013 detoks i piel\u0119gnacja","isPartOf":{"@id":"https:\/\/paleturquoise-bat-536349.hostingersite.com\/#website"},"datePublished":"2025-09-06T11:53:47+00:00","dateModified":"2025-09-29T13:34:56+00:00","description":"Bezpieczny detoks od insekt\u00f3w \u2013 skuteczna piel\u0119gnacja i naturalna ochrona Twojego psa przed pch\u0142ami i kleszczami. Groom Room zadba o zdrowie i komfort Twojego pupila.","breadcrumb":{"@id":"https:\/\/groomroombetty.nl\/psi-detoks-od-insektow\/#breadcrumb"},"inLanguage":"nl-NL","potentialAction":[{"@type":"ReadAction","target":["https:\/\/groomroombetty.nl\/psi-detoks-od-insektow\/"]}]},{"@type":"BreadcrumbList","@id":"https:\/\/groomroombetty.nl\/psi-detoks-od-insektow\/#breadcrumb","itemListElement":[{"@type":"ListItem","position":1,"name":"Strona g\u0142\u00f3wna","item":"https:\/\/paleturquoise-bat-536349.hostingersite.com\/"},{"@type":"ListItem","position":2,"name":"Psi detoks od insekt\u00f3w"}]},{"@type":"WebSite","@id":"https:\/\/paleturquoise-bat-536349.hostingersite.com\/#website","url":"https:\/\/paleturquoise-bat-536349.hostingersite.com\/","name":"The Groom Room Betty","description":"","publisher":{"@id":"https:\/\/paleturquoise-bat-536349.hostingersite.com\/#organization"},"potentialAction":[{"@type":"SearchAction","target":{"@type":"EntryPoint","urlTemplate":"https:\/\/paleturquoise-bat-536349.hostingersite.com\/?s={search_term_string}"},"query-input":{"@type":"PropertyValueSpecification","valueRequired":true,"valueName":"search_term_string"}}],"inLanguage":"nl-NL"},{"@type":"Organization","@id":"https:\/\/paleturquoise-bat-536349.hostingersite.com\/#organization","name":"The Groom Room Betty","url":"https:\/\/paleturquoise-bat-536349.hostingersite.com\/","logo":{"@type":"ImageObject","inLanguage":"nl-NL","@id":"https:\/\/paleturquoise-bat-536349.hostingersite.com\/#\/schema\/logo\/image\/","url":"https:\/\/groomroombetty.nl\/wp-content\/uploads\/2025\/03\/cropped-cropped-logo-no-background-1-1.png","contentUrl":"https:\/\/groomroombetty.nl\/wp-content\/uploads\/2025\/03\/cropped-cropped-logo-no-background-1-1.png","width":1497,"height":1719,"caption":"The Groom Room Betty"},"image":{"@id":"https:\/\/paleturquoise-bat-536349.hostingersite.com\/#\/schema\/logo\/image\/"}}]}},"_links":{"self":[{"href":"https:\/\/groomroombetty.nl\/nl\/wp-json\/wp\/v2\/pages\/1998","targetHints":{"allow":["GET"]}}],"collection":[{"href":"https:\/\/groomroombetty.nl\/nl\/wp-json\/wp\/v2\/pages"}],"about":[{"href":"https:\/\/groomroombetty.nl\/nl\/wp-json\/wp\/v2\/types\/page"}],"author":[{"embeddable":true,"href":"https:\/\/groomroombetty.nl\/nl\/wp-json\/wp\/v2\/users\/1"}],"replies":[{"embeddable":true,"href":"https:\/\/groomroombetty.nl\/nl\/wp-json\/wp\/v2\/comments?post=1998"}],"version-history":[{"count":14,"href":"https:\/\/groomroombetty.nl\/nl\/wp-json\/wp\/v2\/pages\/1998\/revisions"}],"predecessor-version":[{"id":2415,"href":"https:\/\/groomroombetty.nl\/nl\/wp-json\/wp\/v2\/pages\/1998\/revisions\/2415"}],"wp:attachment":[{"href":"https:\/\/groomroombetty.nl\/nl\/wp-json\/wp\/v2\/media?parent=1998"}],"curies":[{"name":"wp","href":"https:\/\/api.w.org\/{rel}","templated":true}]}}