{"id":1836,"date":"2025-08-31T11:04:07","date_gmt":"2025-08-31T10:04:07","guid":{"rendered":"https:\/\/paleturquoise-bat-536349.hostingersite.com\/?page_id=1836"},"modified":"2025-09-30T12:36:34","modified_gmt":"2025-09-30T11:36:34","slug":"wizyta-powitalna","status":"publish","type":"page","link":"https:\/\/groomroombetty.nl\/nl\/wizyta-powitalna\/","title":{"rendered":"Welkom Bezoek"},"content":{"rendered":"<div class=\"wp-block-group is-layout-constrained wp-container-core-group-is-layout-9ade6fcb wp-block-group-is-layout-constrained\" style=\"padding-top:100px;padding-right:20px;padding-bottom:80px;padding-left:20px\">\n<div class=\"wp-block-group has-background is-layout-constrained wp-container-core-group-is-layout-6b0618cf wp-block-group-is-layout-constrained\" style=\"border-radius:24px;background:linear-gradient(135deg,#f5f5f7 0%,#fafafa 100%);margin-bottom:80px;padding-top:60px;padding-right:40px;padding-bottom:60px;padding-left:40px\">\n<h2 class=\"wp-block-heading has-text-align-center has-text-color\" style=\"color:#1d1d1f;margin-bottom:20px;font-size:45px;font-style:normal;font-weight:600\">Eerste ontmoeting met een trimsalon<\/h2>\n\n\n\n<p class=\"has-text-align-center has-text-color\" style=\"color:#515154;font-size:18px;line-height:1.7\">Het is alsof\u2026 <strong>eerste date<\/strong>Een beetje onzekerheid, een beetje spanning en een grote kans op een mooi resultaat. Hoe bereid je je voor?<\/p>\n<\/div>\n\n\n\n<h1 class=\"wp-block-heading has-text-align-center has-text-color has-2-xl-font-size\" style=\"color:#1d1d1f;margin-bottom:32px;font-style:normal;font-weight:600\">\ud83d\udc3e Wanneer moet je beginnen?<\/h1>\n\n\n\n<p class=\"has-text-align-center has-text-color\" style=\"color:#515154;margin-bottom:60px;font-size:20px;line-height:1.6\">Bij voorkeur na vaccinaties, dus tussen <strong>3e en 6e levensmaand<\/strong>.<br>Een kleine hond absorbeert nieuwe ervaringen als een spons.<br>Ook een grote hond kan dat, want bij de verzorging gaat het niet alleen om het kapsel, maar ook om de nagels, oren en algemene hygi\u00ebne.<\/p>\n<\/div>\n\n\n\n<div class=\"wp-block-buttons is-content-justification-center is-layout-flex wp-container-core-buttons-is-layout-b9db1e09 wp-block-buttons-is-layout-flex\" style=\"margin-top:60px;margin-bottom:60px\">\n<div class=\"wp-block-button\"><a class=\"wp-block-button__link has-blush-color has-text-color has-background has-custom-font-size wp-element-button\" href=\"#\" style=\"border-radius:980px;background:linear-gradient(180deg,#9d6381 0%,#7d4e68 100%);padding-top:18px;padding-right:36px;padding-bottom:18px;padding-left:36px;font-size:17px;font-style:normal;font-weight:500\" target=\"_blank\" rel=\"noopener\">Maak een afspraak bij Booksy<\/a><\/div>\n\n\n\n<div class=\"wp-block-button\"><a class=\"wp-block-button__link has-text-color has-background has-border-color has-custom-font-size wp-element-button\" href=\"tel:+31616446888\" style=\"border-color:#d2d2d7;border-width:2px;border-radius:980px;color:#1d1d1f;background-color:#ffffff;padding-top:18px;padding-right:36px;padding-bottom:18px;padding-left:36px;font-size:17px;font-style:normal;font-weight:500\">Telefoongesprek: +31 616 446 888<\/a><\/div>\n<\/div>\n\n\n\n<div class=\"wp-block-group is-layout-constrained wp-container-core-group-is-layout-9052b39e wp-block-group-is-layout-constrained\" style=\"margin-top:100px;margin-bottom:100px;padding-top:0;padding-right:20px;padding-bottom:0;padding-left:20px\">\n<div class=\"wp-block-group has-background is-layout-constrained wp-container-core-group-is-layout-e885f5a1 wp-block-group-is-layout-constrained\" style=\"border-radius:32px;background-color:#ffffff;margin-bottom:120px;padding-top:60px;padding-right:60px;padding-bottom:60px;padding-left:60px\">\n<div class=\"wp-block-columns is-layout-flex wp-container-core-columns-is-layout-ffbe0f8b wp-block-columns-is-layout-flex\">\n<div class=\"wp-block-column is-layout-flow wp-block-column-is-layout-flow\">\n<p class=\"has-text-color\" style=\"color:#9d6381;margin-bottom:16px;font-size:13px;font-weight:600;letter-spacing:0.12em;text-transform:uppercase\">Stap 1 \ud83d\udc3e<\/p>\n\n\n\n<h3 class=\"wp-block-heading has-text-color\" style=\"color:#1d1d1f;margin-bottom:24px;font-size:32px;font-weight:600;line-height:1.2\">Hoe bereid je je thuis voor?<\/h3>\n\n\n\n<ul style=\"color:#515154;font-size:17px;line-height:1.6\" class=\"wp-block-list has-text-color\">\n<li>Oswajaj psa z dotykiem \u2014 \u0142apki, uszy, ogonek<\/li>\n\n\n\n<li>W\u0142\u0105czaj suszark\u0119 czy odkurzacz, \u017ceby przyzwyczai\u0142 si\u0119 do ha\u0142asu<\/li>\n\n\n\n<li>Zr\u00f3b d\u0142u\u017cszy spacer przed wizyt\u0105 \u2014 zm\u0119czony pies = spokojniejszy pies<\/li>\n<\/ul>\n<\/div>\n\n\n\n<div class=\"wp-block-column is-layout-flow wp-block-column-is-layout-flow\">\n<figure class=\"wp-block-image size-full is-style-rounded\"><img fetchpriority=\"high\" decoding=\"async\" width=\"1000\" height=\"667\" src=\"https:\/\/groomroombetty.nl\/wp-content\/uploads\/2025\/09\/powitalna1.webp\" alt=\"\" class=\"wp-image-2420\" style=\"aspect-ratio:1;object-fit:cover\" srcset=\"https:\/\/groomroombetty.nl\/wp-content\/uploads\/2025\/09\/powitalna1.webp 1000w, https:\/\/groomroombetty.nl\/wp-content\/uploads\/2025\/09\/powitalna1-300x200.webp 300w, https:\/\/groomroombetty.nl\/wp-content\/uploads\/2025\/09\/powitalna1-768x512.webp 768w, https:\/\/groomroombetty.nl\/wp-content\/uploads\/2025\/09\/powitalna1-18x12.webp 18w, https:\/\/groomroombetty.nl\/wp-content\/uploads\/2025\/09\/powitalna1-600x400.webp 600w\" sizes=\"(max-width: 1000px) 100vw, 1000px\" \/><\/figure>\n<\/div>\n<\/div>\n<\/div>\n\n\n\n<div class=\"wp-block-group has-background is-layout-constrained wp-container-core-group-is-layout-e885f5a1 wp-block-group-is-layout-constrained\" style=\"border-radius:32px;background-color:#ffffff;margin-bottom:120px;padding-top:60px;padding-right:60px;padding-bottom:60px;padding-left:60px\">\n<div class=\"wp-block-columns is-layout-flex wp-container-core-columns-is-layout-ffbe0f8b wp-block-columns-is-layout-flex\">\n<div class=\"wp-block-column is-layout-flow wp-block-column-is-layout-flow\">\n<figure class=\"wp-block-image size-full is-style-rounded\"><img decoding=\"async\" width=\"1000\" height=\"753\" src=\"https:\/\/groomroombetty.nl\/wp-content\/uploads\/2025\/09\/powitalna-1.webp\" alt=\"\" class=\"wp-image-2413\" style=\"aspect-ratio:1;object-fit:cover\" srcset=\"https:\/\/groomroombetty.nl\/wp-content\/uploads\/2025\/09\/powitalna-1.webp 1000w, https:\/\/groomroombetty.nl\/wp-content\/uploads\/2025\/09\/powitalna-1-300x226.webp 300w, https:\/\/groomroombetty.nl\/wp-content\/uploads\/2025\/09\/powitalna-1-768x578.webp 768w, https:\/\/groomroombetty.nl\/wp-content\/uploads\/2025\/09\/powitalna-1-16x12.webp 16w, https:\/\/groomroombetty.nl\/wp-content\/uploads\/2025\/09\/powitalna-1-600x452.webp 600w\" sizes=\"(max-width: 1000px) 100vw, 1000px\" \/><\/figure>\n<\/div>\n\n\n\n<div class=\"wp-block-column is-layout-flow wp-block-column-is-layout-flow\">\n<p class=\"has-text-color\" style=\"color:#9d6381;margin-bottom:16px;font-size:13px;font-style:normal;font-weight:600;letter-spacing:0.12em;text-transform:uppercase\">Stap 2 \ud83d\udc3e<\/p>\n\n\n\n<h3 class=\"wp-block-heading has-text-color\" style=\"color:#1d1d1f;margin-bottom:24px;font-size:32px;font-weight:600;line-height:1.2\">Eerste bezoek \u2013 ontspannen<\/h3>\n\n\n\n<ul style=\"color:#515154;font-size:17px;line-height:1.6\" class=\"wp-block-list has-text-color\">\n<li>Zero ci\u0119cia, zero k\u0105pieli \u2014 to bardziej &#8222;dzie\u0144 zapoznawczy&#8221;<\/li>\n\n\n\n<li>Pies obw\u0105chuje salon, poznaje d\u017awi\u0119ki i\u2026 dostaje smako\u0142yki<\/li>\n\n\n\n<li>Groomer powoli buduje zaufanie, a Ty mo\u017cesz pogada\u0107 o piel\u0119gnacji i planie na przysz\u0142o\u015b\u0107<\/li>\n<\/ul>\n<\/div>\n<\/div>\n<\/div>\n\n\n\n<div class=\"wp-block-group has-background is-layout-constrained wp-container-core-group-is-layout-e885f5a1 wp-block-group-is-layout-constrained\" style=\"border-radius:32px;background-color:#ffffff;margin-bottom:120px;padding-top:60px;padding-right:60px;padding-bottom:60px;padding-left:60px\">\n<div class=\"wp-block-columns is-layout-flex wp-container-core-columns-is-layout-ffbe0f8b wp-block-columns-is-layout-flex\">\n<div class=\"wp-block-column is-layout-flow wp-block-column-is-layout-flow\">\n<p class=\"has-text-color\" style=\"color:#9d6381;margin-bottom:16px;font-size:13px;font-weight:600;letter-spacing:0.12em;text-transform:uppercase\">Stap 3 \ud83d\udc3e<\/p>\n\n\n\n<h3 class=\"wp-block-heading has-text-color\" style=\"color:#1d1d1f;margin-bottom:24px;font-size:32px;font-weight:600;line-height:1.2\">Tijdens het bezoek<\/h3>\n\n\n\n<ul style=\"color:#515154;font-size:17px;line-height:1.6\" class=\"wp-block-list has-text-color\">\n<li>Ty b\u0105d\u017a spokojny \u2014 pies czuje Twoje emocje!<\/li>\n\n\n\n<li>S\u0142uchaj wskaz\u00f3wek groomera<\/li>\n\n\n\n<li>A jak psiak b\u0119dzie mia\u0142 do\u015b\u0107? Nie szkodzi, spr\u00f3bujecie nast\u0119pnym razem<\/li>\n<\/ul>\n<\/div>\n\n\n\n<div class=\"wp-block-column is-layout-flow wp-block-column-is-layout-flow\">\n<figure class=\"wp-block-image size-full is-style-rounded\"><img decoding=\"async\" width=\"1000\" height=\"667\" src=\"https:\/\/groomroombetty.nl\/wp-content\/uploads\/2025\/09\/powitalna3.webp\" alt=\"\" class=\"wp-image-2421\" style=\"aspect-ratio:1;object-fit:cover\" srcset=\"https:\/\/groomroombetty.nl\/wp-content\/uploads\/2025\/09\/powitalna3.webp 1000w, https:\/\/groomroombetty.nl\/wp-content\/uploads\/2025\/09\/powitalna3-300x200.webp 300w, https:\/\/groomroombetty.nl\/wp-content\/uploads\/2025\/09\/powitalna3-768x512.webp 768w, https:\/\/groomroombetty.nl\/wp-content\/uploads\/2025\/09\/powitalna3-18x12.webp 18w, https:\/\/groomroombetty.nl\/wp-content\/uploads\/2025\/09\/powitalna3-600x400.webp 600w\" sizes=\"(max-width: 1000px) 100vw, 1000px\" \/><\/figure>\n<\/div>\n<\/div>\n<\/div>\n\n\n\n<div class=\"wp-block-group has-background is-layout-constrained wp-container-core-group-is-layout-e885f5a1 wp-block-group-is-layout-constrained\" style=\"border-radius:32px;background-color:#ffffff;margin-bottom:120px;padding-top:60px;padding-right:60px;padding-bottom:60px;padding-left:60px\">\n<div class=\"wp-block-columns is-layout-flex wp-container-core-columns-is-layout-ffbe0f8b wp-block-columns-is-layout-flex\">\n<div class=\"wp-block-column is-layout-flow wp-block-column-is-layout-flow\">\n<figure class=\"wp-block-image size-full is-style-rounded\"><img loading=\"lazy\" decoding=\"async\" width=\"1000\" height=\"707\" src=\"https:\/\/groomroombetty.nl\/wp-content\/uploads\/2025\/09\/powitalna5.webp\" alt=\"\" class=\"wp-image-2430\" style=\"aspect-ratio:1;object-fit:cover\" srcset=\"https:\/\/groomroombetty.nl\/wp-content\/uploads\/2025\/09\/powitalna5.webp 1000w, https:\/\/groomroombetty.nl\/wp-content\/uploads\/2025\/09\/powitalna5-300x212.webp 300w, https:\/\/groomroombetty.nl\/wp-content\/uploads\/2025\/09\/powitalna5-768x543.webp 768w, https:\/\/groomroombetty.nl\/wp-content\/uploads\/2025\/09\/powitalna5-18x12.webp 18w, https:\/\/groomroombetty.nl\/wp-content\/uploads\/2025\/09\/powitalna5-600x424.webp 600w\" sizes=\"(max-width: 1000px) 100vw, 1000px\" \/><\/figure>\n<\/div>\n\n\n\n<div class=\"wp-block-column is-layout-flow wp-block-column-is-layout-flow\">\n<p class=\"has-text-color\" style=\"color:#9d6381;margin-bottom:16px;font-size:13px;font-weight:600;letter-spacing:0.12em;text-transform:uppercase\">Stap 4 \ud83d\udc3e<\/p>\n\n\n\n<h3 class=\"wp-block-heading has-text-color\" style=\"color:#1d1d1f;margin-bottom:24px;font-size:32px;font-weight:600;line-height:1.2\">Na het bezoek<\/h3>\n\n\n\n<ul style=\"color:#515154;font-size:17px;line-height:1.6\" class=\"wp-block-list has-text-color\">\n<li>Tw\u00f3j pies mo\u017ce by\u0107 troch\u0119 zm\u0119czony \u2014 daj mu odpocz\u0105\u0107<\/li>\n\n\n\n<li>Mo\u017ce si\u0119 drapa\u0107 albo tarza\u0107 \u2014 to normalne, nowa fryzura te\u017c by Ci\u0119 dziwi\u0142a! \ud83d\ude05<\/li>\n\n\n\n<li>Kontynuuj piel\u0119gnacj\u0119 w domu i umawiaj kolejne wizyty co kilka tygodni (zale\u017cnie od rasy)<\/li>\n<\/ul>\n<\/div>\n<\/div>\n<\/div>\n<\/div>\n\n\n\n<div class=\"wp-block-group has-background is-layout-constrained wp-container-core-group-is-layout-596189d9 wp-block-group-is-layout-constrained\" style=\"border-radius:32px;background:linear-gradient(135deg,#9d638115 0%,#7d4e6815 100%);margin-top:100px;margin-bottom:100px;padding-top:60px;padding-right:40px;padding-bottom:60px;padding-left:40px\">\n<p class=\"has-text-align-center has-text-color\" style=\"color:#1d1d1f;font-size:24px;font-style:normal;font-weight:500;line-height:1.5\">I tyle! Pierwsza wizyta u groomera to nie egzamin, tylko przygoda.  Je\u015bli podejdziesz do tego na luzie, Tw\u00f3j pies te\u017c b\u0119dzie mia\u0142 z tego frajd\u0119!<\/p>\n<\/div>\n\n\n\n<div class=\"wp-block-group is-layout-constrained wp-container-core-group-is-layout-d768b2d9 wp-block-group-is-layout-constrained\" style=\"margin-top:100px;margin-bottom:100px;padding-top:0;padding-right:20px;padding-bottom:0;padding-left:20px\">\n<div class=\"wp-block-columns is-layout-flex wp-container-core-columns-is-layout-019f8f99 wp-block-columns-is-layout-flex\">\n<div class=\"wp-block-column is-layout-flow wp-block-column-is-layout-flow\">\n<div class=\"wp-block-group has-border-color has-background is-content-justification-center is-nowrap is-layout-flex wp-container-core-group-is-layout-499140ed wp-block-group-is-layout-flex\" style=\"border-color:#d2d2d7;border-width:1px;border-radius:20px;background:linear-gradient(135deg,#f5f5f7 0%,#e8e8ea 100%);min-height:300px\">\n<p class=\"has-text-align-center has-text-color\" style=\"color:#86868b;font-size:16px\">Kadr 1<\/p>\n<\/div>\n<\/div>\n\n\n\n<div class=\"wp-block-column is-layout-flow wp-block-column-is-layout-flow\">\n<div class=\"wp-block-group has-border-color has-background is-content-justification-center is-nowrap is-layout-flex wp-container-core-group-is-layout-499140ed wp-block-group-is-layout-flex\" style=\"border-color:#d2d2d7;border-width:1px;border-radius:20px;background:linear-gradient(135deg,#f5f5f7 0%,#e8e8ea 100%);min-height:300px\">\n<p class=\"has-text-align-center has-text-color\" style=\"color:#86868b;font-size:16px\">Kadr 2<\/p>\n<\/div>\n<\/div>\n\n\n\n<div class=\"wp-block-column is-layout-flow wp-block-column-is-layout-flow\">\n<div class=\"wp-block-group has-border-color has-background is-content-justification-center is-nowrap is-layout-flex wp-container-core-group-is-layout-499140ed wp-block-group-is-layout-flex\" style=\"border-color:#d2d2d7;border-width:1px;border-radius:20px;background:linear-gradient(135deg,#f5f5f7 0%,#e8e8ea 100%);min-height:300px\">\n<p class=\"has-text-align-center has-text-color\" style=\"color:#86868b;font-size:16px\">Kadr 3<\/p>\n<\/div>\n<\/div>\n<\/div>\n<\/div>\n\n\n\n<div class=\"wp-block-group has-background is-layout-constrained wp-container-core-group-is-layout-65f80bb4 wp-block-group-is-layout-constrained\" style=\"background:linear-gradient(180deg,#ffffff 0%,#f5f5f7 100%);padding-top:100px;padding-right:20px;padding-bottom:100px;padding-left:20px\">\n<div class=\"wp-block-buttons is-content-justification-center is-layout-flex wp-container-core-buttons-is-layout-93ce95d0 wp-block-buttons-is-layout-flex\" style=\"margin-top:0;margin-bottom:0\">\n<div class=\"wp-block-button\"><a class=\"wp-block-button__link has-blush-color has-text-color has-background has-custom-font-size wp-element-button\" href=\"#\" style=\"border-radius:980px;background:linear-gradient(180deg,#9d6381 0%,#7d4e68 100%);padding-top:18px;padding-right:36px;padding-bottom:18px;padding-left:36px;font-size:17px;font-style:normal;font-weight:500\" target=\"_blank\" rel=\"noopener\">Maak een afspraak<\/a><\/div>\n\n\n\n<div class=\"wp-block-button\"><a class=\"wp-block-button__link has-text-color has-background has-border-color has-custom-font-size wp-element-button\" href=\"tel:+31616446888\" style=\"border-color:#d2d2d7;border-width:2px;border-radius:980px;color:#1d1d1f;background-color:#ffffff;padding-top:18px;padding-right:36px;padding-bottom:18px;padding-left:36px;font-size:17px;font-style:normal;font-weight:500\">Bel ons<\/a><\/div>\n<\/div>\n<\/div>","protected":false},"excerpt":{"rendered":"<p>Pierwsze spotkanie z groomerem To jak\u2026 pierwsza randka. Troch\u0119 niepewno\u015bci, troch\u0119 ekscytacji i wielka szansa na pi\u0119kny efekt. Jak si\u0119 przygotowa\u0107? \ud83d\udc3e Kiedy zacz\u0105\u0107? Najlepiej po szczepieniach, czyli mi\u0119dzy 3. a 6. miesi\u0105cem \u017cycia.Ma\u0142y pies wtedy ch\u0142onie nowe do\u015bwiadczenia jak g\u0105bka.Du\u017cy pies te\u017c mo\u017ce \u2014 bo grooming to nie tylko fryzura, ale te\u017c pazurki, uszy [&hellip;]<\/p>","protected":false},"author":1,"featured_media":0,"parent":0,"menu_order":0,"comment_status":"closed","ping_status":"closed","template":"","meta":{"footnotes":""},"class_list":["post-1836","page","type-page","status-publish","hentry"],"yoast_head":"<!-- This site is optimized with the Yoast SEO plugin v26.0 - https:\/\/yoast.com\/wordpress\/plugins\/seo\/ -->\n<title>Wizyta powitalna w Groom Room | Salon piel\u0119gnacji ps\u00f3w<\/title>\n<meta name=\"description\" content=\"Pierwsza wizyta powitalna Twojego psa w naszym salonie to zapoznanie z groomerem, spokojna atmosfera i delikatna piel\u0119gnacja. Groom Room \u2013 profesjonalny grooming.\" \/>\n<meta name=\"robots\" content=\"index, follow, max-snippet:-1, max-image-preview:large, max-video-preview:-1\" \/>\n<link rel=\"canonical\" href=\"https:\/\/groomroombetty.nl\/nl\/wizyta-powitalna\/\" \/>\n<meta property=\"og:locale\" content=\"nl_NL\" \/>\n<meta property=\"og:type\" content=\"article\" \/>\n<meta property=\"og:title\" content=\"Wizyta powitalna w Groom Room | Salon piel\u0119gnacji ps\u00f3w\" \/>\n<meta property=\"og:description\" content=\"Pierwsza wizyta powitalna Twojego psa w naszym salonie to zapoznanie z groomerem, spokojna atmosfera i delikatna piel\u0119gnacja. Groom Room \u2013 profesjonalny grooming.\" \/>\n<meta property=\"og:url\" content=\"https:\/\/groomroombetty.nl\/nl\/wizyta-powitalna\/\" \/>\n<meta property=\"og:site_name\" content=\"The Groom Room Betty\" \/>\n<meta property=\"article:modified_time\" content=\"2025-09-30T11:36:34+00:00\" \/>\n<meta property=\"og:image\" content=\"https:\/\/groomroombetty.nl\/wp-content\/uploads\/2025\/09\/powitalna1.webp\" \/>\n<meta name=\"twitter:card\" content=\"summary_large_image\" \/>\n<meta name=\"twitter:label1\" content=\"Geschatte leestijd\" \/>\n\t<meta name=\"twitter:data1\" content=\"3 minuten\" \/>\n<script type=\"application\/ld+json\" class=\"yoast-schema-graph\">{\"@context\":\"https:\/\/schema.org\",\"@graph\":[{\"@type\":\"WebPage\",\"@id\":\"https:\/\/groomroombetty.nl\/nl\/wizyta-powitalna\/\",\"url\":\"https:\/\/groomroombetty.nl\/nl\/wizyta-powitalna\/\",\"name\":\"Wizyta powitalna w Groom Room | Salon piel\u0119gnacji ps\u00f3w\",\"isPartOf\":{\"@id\":\"https:\/\/paleturquoise-bat-536349.hostingersite.com\/#website\"},\"primaryImageOfPage\":{\"@id\":\"https:\/\/groomroombetty.nl\/nl\/wizyta-powitalna\/#primaryimage\"},\"image\":{\"@id\":\"https:\/\/groomroombetty.nl\/nl\/wizyta-powitalna\/#primaryimage\"},\"thumbnailUrl\":\"https:\/\/groomroombetty.nl\/wp-content\/uploads\/2025\/09\/powitalna1.webp\",\"datePublished\":\"2025-08-31T10:04:07+00:00\",\"dateModified\":\"2025-09-30T11:36:34+00:00\",\"description\":\"Pierwsza wizyta powitalna Twojego psa w naszym salonie to zapoznanie z groomerem, spokojna atmosfera i delikatna piel\u0119gnacja. Groom Room \u2013 profesjonalny grooming.\",\"breadcrumb\":{\"@id\":\"https:\/\/groomroombetty.nl\/nl\/wizyta-powitalna\/#breadcrumb\"},\"inLanguage\":\"nl-NL\",\"potentialAction\":[{\"@type\":\"ReadAction\",\"target\":[\"https:\/\/groomroombetty.nl\/nl\/wizyta-powitalna\/\"]}]},{\"@type\":\"ImageObject\",\"inLanguage\":\"nl-NL\",\"@id\":\"https:\/\/groomroombetty.nl\/nl\/wizyta-powitalna\/#primaryimage\",\"url\":\"https:\/\/groomroombetty.nl\/wp-content\/uploads\/2025\/09\/powitalna1.webp\",\"contentUrl\":\"https:\/\/groomroombetty.nl\/wp-content\/uploads\/2025\/09\/powitalna1.webp\"},{\"@type\":\"BreadcrumbList\",\"@id\":\"https:\/\/groomroombetty.nl\/nl\/wizyta-powitalna\/#breadcrumb\",\"itemListElement\":[{\"@type\":\"ListItem\",\"position\":1,\"name\":\"Strona g\u0142\u00f3wna\",\"item\":\"https:\/\/paleturquoise-bat-536349.hostingersite.com\/\"},{\"@type\":\"ListItem\",\"position\":2,\"name\":\"Wizyta Powitalna\"}]},{\"@type\":\"WebSite\",\"@id\":\"https:\/\/paleturquoise-bat-536349.hostingersite.com\/#website\",\"url\":\"https:\/\/paleturquoise-bat-536349.hostingersite.com\/\",\"name\":\"The Groom Room Betty\",\"description\":\"\",\"publisher\":{\"@id\":\"https:\/\/paleturquoise-bat-536349.hostingersite.com\/#organization\"},\"potentialAction\":[{\"@type\":\"SearchAction\",\"target\":{\"@type\":\"EntryPoint\",\"urlTemplate\":\"https:\/\/paleturquoise-bat-536349.hostingersite.com\/?s={search_term_string}\"},\"query-input\":{\"@type\":\"PropertyValueSpecification\",\"valueRequired\":true,\"valueName\":\"search_term_string\"}}],\"inLanguage\":\"nl-NL\"},{\"@type\":\"Organization\",\"@id\":\"https:\/\/paleturquoise-bat-536349.hostingersite.com\/#organization\",\"name\":\"The Groom Room Betty\",\"url\":\"https:\/\/paleturquoise-bat-536349.hostingersite.com\/\",\"logo\":{\"@type\":\"ImageObject\",\"inLanguage\":\"nl-NL\",\"@id\":\"https:\/\/paleturquoise-bat-536349.hostingersite.com\/#\/schema\/logo\/image\/\",\"url\":\"https:\/\/groomroombetty.nl\/wp-content\/uploads\/2025\/03\/cropped-cropped-logo-no-background-1-1.png\",\"contentUrl\":\"https:\/\/groomroombetty.nl\/wp-content\/uploads\/2025\/03\/cropped-cropped-logo-no-background-1-1.png\",\"width\":1497,\"height\":1719,\"caption\":\"The Groom Room Betty\"},\"image\":{\"@id\":\"https:\/\/paleturquoise-bat-536349.hostingersite.com\/#\/schema\/logo\/image\/\"}}]}<\/script>\n<!-- \/ Yoast SEO plugin. -->","yoast_head_json":{"title":"Wizyta powitalna w Groom Room | Salon piel\u0119gnacji ps\u00f3w","description":"Pierwsza wizyta powitalna Twojego psa w naszym salonie to zapoznanie z groomerem, spokojna atmosfera i delikatna piel\u0119gnacja. Groom Room \u2013 profesjonalny grooming.","robots":{"index":"index","follow":"follow","max-snippet":"max-snippet:-1","max-image-preview":"max-image-preview:large","max-video-preview":"max-video-preview:-1"},"canonical":"https:\/\/groomroombetty.nl\/nl\/wizyta-powitalna\/","og_locale":"nl_NL","og_type":"article","og_title":"Wizyta powitalna w Groom Room | Salon piel\u0119gnacji ps\u00f3w","og_description":"Pierwsza wizyta powitalna Twojego psa w naszym salonie to zapoznanie z groomerem, spokojna atmosfera i delikatna piel\u0119gnacja. Groom Room \u2013 profesjonalny grooming.","og_url":"https:\/\/groomroombetty.nl\/nl\/wizyta-powitalna\/","og_site_name":"The Groom Room Betty","article_modified_time":"2025-09-30T11:36:34+00:00","og_image":[{"url":"https:\/\/groomroombetty.nl\/wp-content\/uploads\/2025\/09\/powitalna1.webp","type":"","width":"","height":""}],"twitter_card":"summary_large_image","twitter_misc":{"Geschatte leestijd":"3 minuten"},"schema":{"@context":"https:\/\/schema.org","@graph":[{"@type":"WebPage","@id":"https:\/\/groomroombetty.nl\/nl\/wizyta-powitalna\/","url":"https:\/\/groomroombetty.nl\/nl\/wizyta-powitalna\/","name":"Wizyta powitalna w Groom Room | Salon piel\u0119gnacji ps\u00f3w","isPartOf":{"@id":"https:\/\/paleturquoise-bat-536349.hostingersite.com\/#website"},"primaryImageOfPage":{"@id":"https:\/\/groomroombetty.nl\/nl\/wizyta-powitalna\/#primaryimage"},"image":{"@id":"https:\/\/groomroombetty.nl\/nl\/wizyta-powitalna\/#primaryimage"},"thumbnailUrl":"https:\/\/groomroombetty.nl\/wp-content\/uploads\/2025\/09\/powitalna1.webp","datePublished":"2025-08-31T10:04:07+00:00","dateModified":"2025-09-30T11:36:34+00:00","description":"Pierwsza wizyta powitalna Twojego psa w naszym salonie to zapoznanie z groomerem, spokojna atmosfera i delikatna piel\u0119gnacja. Groom Room \u2013 profesjonalny grooming.","breadcrumb":{"@id":"https:\/\/groomroombetty.nl\/nl\/wizyta-powitalna\/#breadcrumb"},"inLanguage":"nl-NL","potentialAction":[{"@type":"ReadAction","target":["https:\/\/groomroombetty.nl\/nl\/wizyta-powitalna\/"]}]},{"@type":"ImageObject","inLanguage":"nl-NL","@id":"https:\/\/groomroombetty.nl\/nl\/wizyta-powitalna\/#primaryimage","url":"https:\/\/groomroombetty.nl\/wp-content\/uploads\/2025\/09\/powitalna1.webp","contentUrl":"https:\/\/groomroombetty.nl\/wp-content\/uploads\/2025\/09\/powitalna1.webp"},{"@type":"BreadcrumbList","@id":"https:\/\/groomroombetty.nl\/nl\/wizyta-powitalna\/#breadcrumb","itemListElement":[{"@type":"ListItem","position":1,"name":"Strona g\u0142\u00f3wna","item":"https:\/\/paleturquoise-bat-536349.hostingersite.com\/"},{"@type":"ListItem","position":2,"name":"Wizyta Powitalna"}]},{"@type":"WebSite","@id":"https:\/\/paleturquoise-bat-536349.hostingersite.com\/#website","url":"https:\/\/paleturquoise-bat-536349.hostingersite.com\/","name":"The Groom Room Betty","description":"","publisher":{"@id":"https:\/\/paleturquoise-bat-536349.hostingersite.com\/#organization"},"potentialAction":[{"@type":"SearchAction","target":{"@type":"EntryPoint","urlTemplate":"https:\/\/paleturquoise-bat-536349.hostingersite.com\/?s={search_term_string}"},"query-input":{"@type":"PropertyValueSpecification","valueRequired":true,"valueName":"search_term_string"}}],"inLanguage":"nl-NL"},{"@type":"Organization","@id":"https:\/\/paleturquoise-bat-536349.hostingersite.com\/#organization","name":"The Groom Room Betty","url":"https:\/\/paleturquoise-bat-536349.hostingersite.com\/","logo":{"@type":"ImageObject","inLanguage":"nl-NL","@id":"https:\/\/paleturquoise-bat-536349.hostingersite.com\/#\/schema\/logo\/image\/","url":"https:\/\/groomroombetty.nl\/wp-content\/uploads\/2025\/03\/cropped-cropped-logo-no-background-1-1.png","contentUrl":"https:\/\/groomroombetty.nl\/wp-content\/uploads\/2025\/03\/cropped-cropped-logo-no-background-1-1.png","width":1497,"height":1719,"caption":"The Groom Room Betty"},"image":{"@id":"https:\/\/paleturquoise-bat-536349.hostingersite.com\/#\/schema\/logo\/image\/"}}]}},"_links":{"self":[{"href":"https:\/\/groomroombetty.nl\/nl\/wp-json\/wp\/v2\/pages\/1836","targetHints":{"allow":["GET"]}}],"collection":[{"href":"https:\/\/groomroombetty.nl\/nl\/wp-json\/wp\/v2\/pages"}],"about":[{"href":"https:\/\/groomroombetty.nl\/nl\/wp-json\/wp\/v2\/types\/page"}],"author":[{"embeddable":true,"href":"https:\/\/groomroombetty.nl\/nl\/wp-json\/wp\/v2\/users\/1"}],"replies":[{"embeddable":true,"href":"https:\/\/groomroombetty.nl\/nl\/wp-json\/wp\/v2\/comments?post=1836"}],"version-history":[{"count":81,"href":"https:\/\/groomroombetty.nl\/nl\/wp-json\/wp\/v2\/pages\/1836\/revisions"}],"predecessor-version":[{"id":2434,"href":"https:\/\/groomroombetty.nl\/nl\/wp-json\/wp\/v2\/pages\/1836\/revisions\/2434"}],"wp:attachment":[{"href":"https:\/\/groomroombetty.nl\/nl\/wp-json\/wp\/v2\/media?parent=1836"}],"curies":[{"name":"wp","href":"https:\/\/api.w.org\/{rel}","templated":true}]}}