{"id":1706,"date":"2025-09-22T12:46:06","date_gmt":"2025-09-22T11:46:06","guid":{"rendered":"https:\/\/paleturquoise-bat-536349.hostingersite.com\/?page_id=1706"},"modified":"2025-09-22T12:35:19","modified_gmt":"2025-09-22T11:35:19","slug":"uslugi","status":"publish","type":"page","link":"https:\/\/groomroombetty.nl\/nl\/uslugi\/","title":{"rendered":"Diensten"},"content":{"rendered":"<p><!-- US\u0141UGI (jedna sekcja: 3 + 3, bia\u0142e t\u0142o) --><\/p>\n\n\n<div class=\"wp-block-group is-layout-constrained wp-container-core-group-is-layout-c1d0366a wp-block-group-is-layout-constrained\" style=\"padding-top:60px;padding-bottom:60px\">\n<h2 class=\"wp-block-heading has-text-align-center has-mulberry-color has-text-color has-link-color has-xl-font-size wp-elements-6a834fff97afdad5a81c8eb0c3956819\">Diensten<\/h2>\n\n\n\n<div class=\"wp-block-columns is-layout-flex wp-container-core-columns-is-layout-e79a1392 wp-block-columns-is-layout-flex\" style=\"margin-top:24px\">\n<div class=\"wp-block-column is-layout-flow wp-block-column-is-layout-flow\">\n<div class=\"wp-block-group is-layout-constrained wp-block-group-is-layout-constrained\">\n<figure class=\"wp-block-image aligncenter size-full is-resized is-style-rounded\"><img fetchpriority=\"high\" decoding=\"async\" width=\"1024\" height=\"1024\" src=\"https:\/\/groomroombetty.nl\/wp-content\/uploads\/2025\/08\/Gemini_Generated_Image_3u5g3a3u5g3a3u5g.png\" alt=\"\" class=\"wp-image-2127\" style=\"width:320px\" srcset=\"https:\/\/groomroombetty.nl\/wp-content\/uploads\/2025\/08\/Gemini_Generated_Image_3u5g3a3u5g3a3u5g.png 1024w, https:\/\/groomroombetty.nl\/wp-content\/uploads\/2025\/08\/Gemini_Generated_Image_3u5g3a3u5g3a3u5g-300x300.png 300w, https:\/\/groomroombetty.nl\/wp-content\/uploads\/2025\/08\/Gemini_Generated_Image_3u5g3a3u5g3a3u5g-150x150.png 150w, https:\/\/groomroombetty.nl\/wp-content\/uploads\/2025\/08\/Gemini_Generated_Image_3u5g3a3u5g3a3u5g-768x768.png 768w, https:\/\/groomroombetty.nl\/wp-content\/uploads\/2025\/08\/Gemini_Generated_Image_3u5g3a3u5g3a3u5g-600x600.png 600w, https:\/\/groomroombetty.nl\/wp-content\/uploads\/2025\/08\/Gemini_Generated_Image_3u5g3a3u5g3a3u5g-100x100.png 100w\" sizes=\"(max-width: 1024px) 100vw, 1024px\" \/><\/figure>\n\n\n\n<h3 class=\"wp-block-heading has-text-align-center\">Welkom Bezoek<\/h3>\n\n\n\n<p class=\"has-text-align-center\">[kr\u00f3tki opis]<\/p>\n\n\n\n<div class=\"wp-block-buttons is-content-justification-center is-layout-flex wp-container-core-buttons-is-layout-16018d1d wp-block-buttons-is-layout-flex\">\n<div class=\"wp-block-button\"><a class=\"wp-block-button__link has-blush-color has-plum-background-color has-text-color has-background wp-element-button\" href=\"https:\/\/groomroombetty.nl\/nl\/wizyta-powitalna\/\">Bekijk meer<\/a><\/div>\n<\/div>\n\n\n\n<p class=\"has-text-align-center\" style=\"font-size:14px\">Cena: [wpisz p\u00f3\u017aniej]<\/p>\n<\/div>\n<\/div>\n\n\n\n<div class=\"wp-block-column is-layout-flow wp-block-column-is-layout-flow\">\n<div class=\"wp-block-group is-layout-constrained wp-block-group-is-layout-constrained\">\n<figure class=\"wp-block-image aligncenter size-full is-resized is-style-rounded\"><img decoding=\"async\" width=\"1024\" height=\"1024\" src=\"https:\/\/groomroombetty.nl\/wp-content\/uploads\/2025\/09\/Gemini_Generated_Image_3u5g3a3u5g3a3u5g-1-1.png\" alt=\"\" class=\"wp-image-2297\" style=\"width:320px\" srcset=\"https:\/\/groomroombetty.nl\/wp-content\/uploads\/2025\/09\/Gemini_Generated_Image_3u5g3a3u5g3a3u5g-1-1.png 1024w, https:\/\/groomroombetty.nl\/wp-content\/uploads\/2025\/09\/Gemini_Generated_Image_3u5g3a3u5g3a3u5g-1-1-300x300.png 300w, https:\/\/groomroombetty.nl\/wp-content\/uploads\/2025\/09\/Gemini_Generated_Image_3u5g3a3u5g3a3u5g-1-1-150x150.png 150w, https:\/\/groomroombetty.nl\/wp-content\/uploads\/2025\/09\/Gemini_Generated_Image_3u5g3a3u5g3a3u5g-1-1-768x768.png 768w, https:\/\/groomroombetty.nl\/wp-content\/uploads\/2025\/09\/Gemini_Generated_Image_3u5g3a3u5g3a3u5g-1-1-600x600.png 600w, https:\/\/groomroombetty.nl\/wp-content\/uploads\/2025\/09\/Gemini_Generated_Image_3u5g3a3u5g3a3u5g-1-1-100x100.png 100w\" sizes=\"(max-width: 1024px) 100vw, 1024px\" \/><\/figure>\n\n\n\n<h3 class=\"wp-block-heading has-text-align-center\">Baden en verzorgen<\/h3>\n\n\n\n<p class=\"has-text-align-center\">[kr\u00f3tki opis]<\/p>\n\n\n\n<div class=\"wp-block-buttons is-content-justification-center is-layout-flex wp-container-core-buttons-is-layout-16018d1d wp-block-buttons-is-layout-flex\">\n<div class=\"wp-block-button\"><a class=\"wp-block-button__link has-blush-color has-plum-background-color has-text-color has-background wp-element-button\" href=\"https:\/\/groomroombetty.nl\/nl\/kapiel-pielegnacja\/\">Bekijk meer<\/a><\/div>\n<\/div>\n\n\n\n<p class=\"has-text-align-center\" style=\"font-size:14px\">Cena: [wpisz p\u00f3\u017aniej]<\/p>\n<\/div>\n<\/div>\n\n\n\n<div class=\"wp-block-column is-layout-flow wp-block-column-is-layout-flow\">\n<div class=\"wp-block-group is-layout-constrained wp-block-group-is-layout-constrained\">\n<figure class=\"wp-block-image aligncenter size-full is-resized is-style-rounded\"><img decoding=\"async\" width=\"1024\" height=\"1024\" src=\"https:\/\/groomroombetty.nl\/wp-content\/uploads\/2025\/08\/Gemini_Generated_Image_3u5g3a3u5g3a3u5g-4-1.png\" alt=\"\" class=\"wp-image-2293\" style=\"width:320px\" srcset=\"https:\/\/groomroombetty.nl\/wp-content\/uploads\/2025\/08\/Gemini_Generated_Image_3u5g3a3u5g3a3u5g-4-1.png 1024w, https:\/\/groomroombetty.nl\/wp-content\/uploads\/2025\/08\/Gemini_Generated_Image_3u5g3a3u5g3a3u5g-4-1-300x300.png 300w, https:\/\/groomroombetty.nl\/wp-content\/uploads\/2025\/08\/Gemini_Generated_Image_3u5g3a3u5g3a3u5g-4-1-150x150.png 150w, https:\/\/groomroombetty.nl\/wp-content\/uploads\/2025\/08\/Gemini_Generated_Image_3u5g3a3u5g3a3u5g-4-1-768x768.png 768w, https:\/\/groomroombetty.nl\/wp-content\/uploads\/2025\/08\/Gemini_Generated_Image_3u5g3a3u5g3a3u5g-4-1-600x600.png 600w, https:\/\/groomroombetty.nl\/wp-content\/uploads\/2025\/08\/Gemini_Generated_Image_3u5g3a3u5g3a3u5g-4-1-100x100.png 100w\" sizes=\"(max-width: 1024px) 100vw, 1024px\" \/><\/figure>\n\n\n\n<h3 class=\"wp-block-heading has-text-align-center\">Hondentaxi<\/h3>\n\n\n\n<p class=\"has-text-align-center\">[kr\u00f3tki opis]<\/p>\n\n\n\n<div class=\"wp-block-buttons is-content-justification-center is-layout-flex wp-container-core-buttons-is-layout-16018d1d wp-block-buttons-is-layout-flex\">\n<div class=\"wp-block-button\"><a class=\"wp-block-button__link has-blush-color has-plum-background-color has-text-color has-background wp-element-button\" href=\"https:\/\/groomroombetty.nl\/nl\/psie-taxi\/\">Bekijk meer<\/a><\/div>\n<\/div>\n\n\n\n<p class=\"has-text-align-center\" style=\"font-size:14px\">Cena: [wpisz p\u00f3\u017aniej]<\/p>\n<\/div>\n<\/div>\n<\/div>\n\n\n\n<div class=\"wp-block-columns is-layout-flex wp-container-core-columns-is-layout-e79a1392 wp-block-columns-is-layout-flex\" style=\"margin-top:24px\">\n<div class=\"wp-block-column is-layout-flow wp-block-column-is-layout-flow\">\n<div class=\"wp-block-group is-layout-constrained wp-block-group-is-layout-constrained\">\n<figure class=\"wp-block-image aligncenter size-full is-resized is-style-rounded\"><img loading=\"lazy\" decoding=\"async\" width=\"1024\" height=\"1024\" src=\"https:\/\/groomroombetty.nl\/wp-content\/uploads\/2025\/08\/Gemini_Generated_Image_3u5g3a3u5g3a3u5g-2-1.png\" alt=\"\" class=\"wp-image-2294\" style=\"width:320px\" srcset=\"https:\/\/groomroombetty.nl\/wp-content\/uploads\/2025\/08\/Gemini_Generated_Image_3u5g3a3u5g3a3u5g-2-1.png 1024w, https:\/\/groomroombetty.nl\/wp-content\/uploads\/2025\/08\/Gemini_Generated_Image_3u5g3a3u5g3a3u5g-2-1-300x300.png 300w, https:\/\/groomroombetty.nl\/wp-content\/uploads\/2025\/08\/Gemini_Generated_Image_3u5g3a3u5g3a3u5g-2-1-150x150.png 150w, https:\/\/groomroombetty.nl\/wp-content\/uploads\/2025\/08\/Gemini_Generated_Image_3u5g3a3u5g3a3u5g-2-1-768x768.png 768w, https:\/\/groomroombetty.nl\/wp-content\/uploads\/2025\/08\/Gemini_Generated_Image_3u5g3a3u5g3a3u5g-2-1-600x600.png 600w, https:\/\/groomroombetty.nl\/wp-content\/uploads\/2025\/08\/Gemini_Generated_Image_3u5g3a3u5g3a3u5g-2-1-100x100.png 100w\" sizes=\"(max-width: 1024px) 100vw, 1024px\" \/><\/figure>\n\n\n\n<h3 class=\"wp-block-heading has-text-align-center\">Haar knippen en stylen<\/h3>\n\n\n\n<p class=\"has-text-align-center\">[kr\u00f3tki opis]<\/p>\n\n\n\n<div class=\"wp-block-buttons is-content-justification-center is-layout-flex wp-container-core-buttons-is-layout-16018d1d wp-block-buttons-is-layout-flex\">\n<div class=\"wp-block-button\"><a class=\"wp-block-button__link has-blush-color has-plum-background-color has-text-color has-background wp-element-button\" href=\"https:\/\/groomroombetty.nl\/nl\/strzyzenie-i-stylizacja\/\">Bekijk meer<\/a><\/div>\n<\/div>\n\n\n\n<p class=\"has-text-align-center\" style=\"font-size:14px\">Cena: [wpisz p\u00f3\u017aniej]<\/p>\n<\/div>\n<\/div>\n\n\n\n<div class=\"wp-block-column is-layout-flow wp-block-column-is-layout-flow\">\n<div class=\"wp-block-group is-layout-constrained wp-block-group-is-layout-constrained\">\n<figure class=\"wp-block-image aligncenter size-full is-resized is-style-rounded\"><img loading=\"lazy\" decoding=\"async\" width=\"1024\" height=\"1024\" src=\"https:\/\/groomroombetty.nl\/wp-content\/uploads\/2025\/08\/Gemini_Generated_Image_3u5g3a3u5g3a3u5g-5-1.png\" alt=\"\" class=\"wp-image-2295\" style=\"width:320px\" srcset=\"https:\/\/groomroombetty.nl\/wp-content\/uploads\/2025\/08\/Gemini_Generated_Image_3u5g3a3u5g3a3u5g-5-1.png 1024w, https:\/\/groomroombetty.nl\/wp-content\/uploads\/2025\/08\/Gemini_Generated_Image_3u5g3a3u5g3a3u5g-5-1-300x300.png 300w, https:\/\/groomroombetty.nl\/wp-content\/uploads\/2025\/08\/Gemini_Generated_Image_3u5g3a3u5g3a3u5g-5-1-150x150.png 150w, https:\/\/groomroombetty.nl\/wp-content\/uploads\/2025\/08\/Gemini_Generated_Image_3u5g3a3u5g3a3u5g-5-1-768x768.png 768w, https:\/\/groomroombetty.nl\/wp-content\/uploads\/2025\/08\/Gemini_Generated_Image_3u5g3a3u5g3a3u5g-5-1-600x600.png 600w, https:\/\/groomroombetty.nl\/wp-content\/uploads\/2025\/08\/Gemini_Generated_Image_3u5g3a3u5g3a3u5g-5-1-100x100.png 100w\" sizes=\"(max-width: 1024px) 100vw, 1024px\" \/><\/figure>\n\n\n\n<h3 class=\"wp-block-heading has-text-align-center\">Trimmen en stylen<\/h3>\n\n\n\n<p class=\"has-text-align-center\">[kr\u00f3tki opis]<\/p>\n\n\n\n<div class=\"wp-block-buttons is-content-justification-center is-layout-flex wp-container-core-buttons-is-layout-16018d1d wp-block-buttons-is-layout-flex\">\n<div class=\"wp-block-button\"><a class=\"wp-block-button__link has-blush-color has-plum-background-color has-text-color has-background wp-element-button\" href=\"https:\/\/groomroombetty.nl\/nl\/trymowanie-i-stylizacja\/\">Bekijk meer<\/a><\/div>\n<\/div>\n\n\n\n<p class=\"has-text-align-center\" style=\"font-size:14px\">Cena: [wpisz p\u00f3\u017aniej]<\/p>\n<\/div>\n<\/div>\n\n\n\n<div class=\"wp-block-column is-layout-flow wp-block-column-is-layout-flow\">\n<div class=\"wp-block-group is-layout-constrained wp-block-group-is-layout-constrained\">\n<figure class=\"wp-block-image aligncenter size-full is-resized is-style-rounded\"><img loading=\"lazy\" decoding=\"async\" width=\"1024\" height=\"1024\" src=\"https:\/\/groomroombetty.nl\/wp-content\/uploads\/2025\/08\/Gemini_Generated_Image_3u5g3a3u5g3a3u5g-3.png\" alt=\"\" class=\"wp-image-2134\" style=\"width:320px\" srcset=\"https:\/\/groomroombetty.nl\/wp-content\/uploads\/2025\/08\/Gemini_Generated_Image_3u5g3a3u5g3a3u5g-3.png 1024w, https:\/\/groomroombetty.nl\/wp-content\/uploads\/2025\/08\/Gemini_Generated_Image_3u5g3a3u5g3a3u5g-3-300x300.png 300w, https:\/\/groomroombetty.nl\/wp-content\/uploads\/2025\/08\/Gemini_Generated_Image_3u5g3a3u5g3a3u5g-3-150x150.png 150w, https:\/\/groomroombetty.nl\/wp-content\/uploads\/2025\/08\/Gemini_Generated_Image_3u5g3a3u5g3a3u5g-3-768x768.png 768w, https:\/\/groomroombetty.nl\/wp-content\/uploads\/2025\/08\/Gemini_Generated_Image_3u5g3a3u5g3a3u5g-3-600x600.png 600w, https:\/\/groomroombetty.nl\/wp-content\/uploads\/2025\/08\/Gemini_Generated_Image_3u5g3a3u5g3a3u5g-3-100x100.png 100w\" sizes=\"(max-width: 1024px) 100vw, 1024px\" \/><\/figure>\n\n\n\n<h3 class=\"wp-block-heading has-text-align-center\">Insectendetox voor honden<\/h3>\n\n\n\n<p class=\"has-text-align-center\">[kr\u00f3tki opis]<\/p>\n\n\n\n<div class=\"wp-block-buttons is-content-justification-center is-layout-flex wp-container-core-buttons-is-layout-16018d1d wp-block-buttons-is-layout-flex\">\n<div class=\"wp-block-button\"><a class=\"wp-block-button__link has-blush-color has-plum-background-color has-text-color has-background wp-element-button\" href=\"https:\/\/groomroombetty.nl\/nl\/psi-detoks-od-insektow\/\">Bekijk meer<\/a><\/div>\n<\/div>\n\n\n\n<p class=\"has-text-align-center\" style=\"font-size:14px\">Cena: [wpisz p\u00f3\u017aniej]<\/p>\n<\/div>\n<\/div>\n<\/div>\n<\/div>","protected":false},"excerpt":{"rendered":"<p>Us\u0142ugi Wizyta Powitalna [kr\u00f3tki opis] Cena: [wpisz p\u00f3\u017aniej] K\u0105piel i Piel\u0119gnacja [kr\u00f3tki opis] Cena: [wpisz p\u00f3\u017aniej] Psie Taxi [kr\u00f3tki opis] Cena: [wpisz p\u00f3\u017aniej] Strzy\u017cenie i Stylizacja [kr\u00f3tki opis] Cena: [wpisz p\u00f3\u017aniej] Trymowanie i Stylizacja [kr\u00f3tki opis] Cena: [wpisz p\u00f3\u017aniej] Psi Detoks od Insekt\u00f3w [kr\u00f3tki opis] Cena: [wpisz p\u00f3\u017aniej]<\/p>","protected":false},"author":1,"featured_media":0,"parent":0,"menu_order":0,"comment_status":"closed","ping_status":"closed","template":"","meta":{"footnotes":""},"class_list":["post-1706","page","type-page","status-publish","hentry"],"yoast_head":"<!-- This site is optimized with the Yoast SEO plugin v26.0 - https:\/\/yoast.com\/wordpress\/plugins\/seo\/ -->\n<title>Us\u0142ugi - The Groom Room Betty<\/title>\n<meta name=\"robots\" content=\"index, follow, max-snippet:-1, max-image-preview:large, max-video-preview:-1\" \/>\n<link rel=\"canonical\" href=\"https:\/\/groomroombetty.nl\/nl\/uslugi\/\" \/>\n<meta property=\"og:locale\" content=\"nl_NL\" \/>\n<meta property=\"og:type\" content=\"article\" \/>\n<meta property=\"og:title\" content=\"Us\u0142ugi - The Groom Room Betty\" \/>\n<meta property=\"og:description\" content=\"Us\u0142ugi Wizyta Powitalna [kr\u00f3tki opis] Cena: [wpisz p\u00f3\u017aniej] K\u0105piel i Piel\u0119gnacja [kr\u00f3tki opis] Cena: [wpisz p\u00f3\u017aniej] Psie Taxi [kr\u00f3tki opis] Cena: [wpisz p\u00f3\u017aniej] Strzy\u017cenie i Stylizacja [kr\u00f3tki opis] Cena: [wpisz p\u00f3\u017aniej] Trymowanie i Stylizacja [kr\u00f3tki opis] Cena: [wpisz p\u00f3\u017aniej] Psi Detoks od Insekt\u00f3w [kr\u00f3tki opis] Cena: [wpisz p\u00f3\u017aniej]\" \/>\n<meta property=\"og:url\" content=\"https:\/\/groomroombetty.nl\/nl\/uslugi\/\" \/>\n<meta property=\"og:site_name\" content=\"The Groom Room Betty\" \/>\n<meta property=\"og:image\" content=\"https:\/\/groomroombetty.nl\/wp-content\/uploads\/2025\/08\/Gemini_Generated_Image_3u5g3a3u5g3a3u5g.png\" \/>\n<meta name=\"twitter:card\" content=\"summary_large_image\" \/>\n<meta name=\"twitter:label1\" content=\"Geschatte leestijd\" \/>\n\t<meta name=\"twitter:data1\" content=\"2 minuten\" \/>\n<script type=\"application\/ld+json\" class=\"yoast-schema-graph\">{\"@context\":\"https:\/\/schema.org\",\"@graph\":[{\"@type\":\"WebPage\",\"@id\":\"https:\/\/groomroombetty.nl\/nl\/uslugi\/\",\"url\":\"https:\/\/groomroombetty.nl\/nl\/uslugi\/\",\"name\":\"Us\u0142ugi - The Groom Room Betty\",\"isPartOf\":{\"@id\":\"https:\/\/paleturquoise-bat-536349.hostingersite.com\/#website\"},\"primaryImageOfPage\":{\"@id\":\"https:\/\/groomroombetty.nl\/nl\/uslugi\/#primaryimage\"},\"image\":{\"@id\":\"https:\/\/groomroombetty.nl\/nl\/uslugi\/#primaryimage\"},\"thumbnailUrl\":\"https:\/\/groomroombetty.nl\/wp-content\/uploads\/2025\/08\/Gemini_Generated_Image_3u5g3a3u5g3a3u5g.png\",\"datePublished\":\"2025-09-22T11:46:06+00:00\",\"breadcrumb\":{\"@id\":\"https:\/\/groomroombetty.nl\/nl\/uslugi\/#breadcrumb\"},\"inLanguage\":\"nl-NL\",\"potentialAction\":[{\"@type\":\"ReadAction\",\"target\":[\"https:\/\/groomroombetty.nl\/nl\/uslugi\/\"]}]},{\"@type\":\"ImageObject\",\"inLanguage\":\"nl-NL\",\"@id\":\"https:\/\/groomroombetty.nl\/nl\/uslugi\/#primaryimage\",\"url\":\"https:\/\/groomroombetty.nl\/wp-content\/uploads\/2025\/08\/Gemini_Generated_Image_3u5g3a3u5g3a3u5g.png\",\"contentUrl\":\"https:\/\/groomroombetty.nl\/wp-content\/uploads\/2025\/08\/Gemini_Generated_Image_3u5g3a3u5g3a3u5g.png\"},{\"@type\":\"BreadcrumbList\",\"@id\":\"https:\/\/groomroombetty.nl\/nl\/uslugi\/#breadcrumb\",\"itemListElement\":[{\"@type\":\"ListItem\",\"position\":1,\"name\":\"Strona g\u0142\u00f3wna\",\"item\":\"https:\/\/paleturquoise-bat-536349.hostingersite.com\/\"},{\"@type\":\"ListItem\",\"position\":2,\"name\":\"Us\u0142ugi\"}]},{\"@type\":\"WebSite\",\"@id\":\"https:\/\/paleturquoise-bat-536349.hostingersite.com\/#website\",\"url\":\"https:\/\/paleturquoise-bat-536349.hostingersite.com\/\",\"name\":\"The Groom Room Betty\",\"description\":\"\",\"publisher\":{\"@id\":\"https:\/\/paleturquoise-bat-536349.hostingersite.com\/#organization\"},\"potentialAction\":[{\"@type\":\"SearchAction\",\"target\":{\"@type\":\"EntryPoint\",\"urlTemplate\":\"https:\/\/paleturquoise-bat-536349.hostingersite.com\/?s={search_term_string}\"},\"query-input\":{\"@type\":\"PropertyValueSpecification\",\"valueRequired\":true,\"valueName\":\"search_term_string\"}}],\"inLanguage\":\"nl-NL\"},{\"@type\":\"Organization\",\"@id\":\"https:\/\/paleturquoise-bat-536349.hostingersite.com\/#organization\",\"name\":\"The Groom Room Betty\",\"url\":\"https:\/\/paleturquoise-bat-536349.hostingersite.com\/\",\"logo\":{\"@type\":\"ImageObject\",\"inLanguage\":\"nl-NL\",\"@id\":\"https:\/\/paleturquoise-bat-536349.hostingersite.com\/#\/schema\/logo\/image\/\",\"url\":\"https:\/\/groomroombetty.nl\/wp-content\/uploads\/2025\/03\/cropped-cropped-logo-no-background-1-1.png\",\"contentUrl\":\"https:\/\/groomroombetty.nl\/wp-content\/uploads\/2025\/03\/cropped-cropped-logo-no-background-1-1.png\",\"width\":1497,\"height\":1719,\"caption\":\"The Groom Room Betty\"},\"image\":{\"@id\":\"https:\/\/paleturquoise-bat-536349.hostingersite.com\/#\/schema\/logo\/image\/\"}}]}<\/script>\n<!-- \/ Yoast SEO plugin. -->","yoast_head_json":{"title":"Us\u0142ugi - The Groom Room Betty","robots":{"index":"index","follow":"follow","max-snippet":"max-snippet:-1","max-image-preview":"max-image-preview:large","max-video-preview":"max-video-preview:-1"},"canonical":"https:\/\/groomroombetty.nl\/nl\/uslugi\/","og_locale":"nl_NL","og_type":"article","og_title":"Us\u0142ugi - The Groom Room Betty","og_description":"Us\u0142ugi Wizyta Powitalna [kr\u00f3tki opis] Cena: [wpisz p\u00f3\u017aniej] K\u0105piel i Piel\u0119gnacja [kr\u00f3tki opis] Cena: [wpisz p\u00f3\u017aniej] Psie Taxi [kr\u00f3tki opis] Cena: [wpisz p\u00f3\u017aniej] Strzy\u017cenie i Stylizacja [kr\u00f3tki opis] Cena: [wpisz p\u00f3\u017aniej] Trymowanie i Stylizacja [kr\u00f3tki opis] Cena: [wpisz p\u00f3\u017aniej] Psi Detoks od Insekt\u00f3w [kr\u00f3tki opis] Cena: [wpisz p\u00f3\u017aniej]","og_url":"https:\/\/groomroombetty.nl\/nl\/uslugi\/","og_site_name":"The Groom Room Betty","og_image":[{"url":"https:\/\/groomroombetty.nl\/wp-content\/uploads\/2025\/08\/Gemini_Generated_Image_3u5g3a3u5g3a3u5g.png","type":"","width":"","height":""}],"twitter_card":"summary_large_image","twitter_misc":{"Geschatte leestijd":"2 minuten"},"schema":{"@context":"https:\/\/schema.org","@graph":[{"@type":"WebPage","@id":"https:\/\/groomroombetty.nl\/nl\/uslugi\/","url":"https:\/\/groomroombetty.nl\/nl\/uslugi\/","name":"Us\u0142ugi - The Groom Room Betty","isPartOf":{"@id":"https:\/\/paleturquoise-bat-536349.hostingersite.com\/#website"},"primaryImageOfPage":{"@id":"https:\/\/groomroombetty.nl\/nl\/uslugi\/#primaryimage"},"image":{"@id":"https:\/\/groomroombetty.nl\/nl\/uslugi\/#primaryimage"},"thumbnailUrl":"https:\/\/groomroombetty.nl\/wp-content\/uploads\/2025\/08\/Gemini_Generated_Image_3u5g3a3u5g3a3u5g.png","datePublished":"2025-09-22T11:46:06+00:00","breadcrumb":{"@id":"https:\/\/groomroombetty.nl\/nl\/uslugi\/#breadcrumb"},"inLanguage":"nl-NL","potentialAction":[{"@type":"ReadAction","target":["https:\/\/groomroombetty.nl\/nl\/uslugi\/"]}]},{"@type":"ImageObject","inLanguage":"nl-NL","@id":"https:\/\/groomroombetty.nl\/nl\/uslugi\/#primaryimage","url":"https:\/\/groomroombetty.nl\/wp-content\/uploads\/2025\/08\/Gemini_Generated_Image_3u5g3a3u5g3a3u5g.png","contentUrl":"https:\/\/groomroombetty.nl\/wp-content\/uploads\/2025\/08\/Gemini_Generated_Image_3u5g3a3u5g3a3u5g.png"},{"@type":"BreadcrumbList","@id":"https:\/\/groomroombetty.nl\/nl\/uslugi\/#breadcrumb","itemListElement":[{"@type":"ListItem","position":1,"name":"Strona g\u0142\u00f3wna","item":"https:\/\/paleturquoise-bat-536349.hostingersite.com\/"},{"@type":"ListItem","position":2,"name":"Us\u0142ugi"}]},{"@type":"WebSite","@id":"https:\/\/paleturquoise-bat-536349.hostingersite.com\/#website","url":"https:\/\/paleturquoise-bat-536349.hostingersite.com\/","name":"The Groom Room Betty","description":"","publisher":{"@id":"https:\/\/paleturquoise-bat-536349.hostingersite.com\/#organization"},"potentialAction":[{"@type":"SearchAction","target":{"@type":"EntryPoint","urlTemplate":"https:\/\/paleturquoise-bat-536349.hostingersite.com\/?s={search_term_string}"},"query-input":{"@type":"PropertyValueSpecification","valueRequired":true,"valueName":"search_term_string"}}],"inLanguage":"nl-NL"},{"@type":"Organization","@id":"https:\/\/paleturquoise-bat-536349.hostingersite.com\/#organization","name":"The Groom Room Betty","url":"https:\/\/paleturquoise-bat-536349.hostingersite.com\/","logo":{"@type":"ImageObject","inLanguage":"nl-NL","@id":"https:\/\/paleturquoise-bat-536349.hostingersite.com\/#\/schema\/logo\/image\/","url":"https:\/\/groomroombetty.nl\/wp-content\/uploads\/2025\/03\/cropped-cropped-logo-no-background-1-1.png","contentUrl":"https:\/\/groomroombetty.nl\/wp-content\/uploads\/2025\/03\/cropped-cropped-logo-no-background-1-1.png","width":1497,"height":1719,"caption":"The Groom Room Betty"},"image":{"@id":"https:\/\/paleturquoise-bat-536349.hostingersite.com\/#\/schema\/logo\/image\/"}}]}},"_links":{"self":[{"href":"https:\/\/groomroombetty.nl\/nl\/wp-json\/wp\/v2\/pages\/1706","targetHints":{"allow":["GET"]}}],"collection":[{"href":"https:\/\/groomroombetty.nl\/nl\/wp-json\/wp\/v2\/pages"}],"about":[{"href":"https:\/\/groomroombetty.nl\/nl\/wp-json\/wp\/v2\/types\/page"}],"author":[{"embeddable":true,"href":"https:\/\/groomroombetty.nl\/nl\/wp-json\/wp\/v2\/users\/1"}],"replies":[{"embeddable":true,"href":"https:\/\/groomroombetty.nl\/nl\/wp-json\/wp\/v2\/comments?post=1706"}],"version-history":[{"count":9,"href":"https:\/\/groomroombetty.nl\/nl\/wp-json\/wp\/v2\/pages\/1706\/revisions"}],"predecessor-version":[{"id":2299,"href":"https:\/\/groomroombetty.nl\/nl\/wp-json\/wp\/v2\/pages\/1706\/revisions\/2299"}],"wp:attachment":[{"href":"https:\/\/groomroombetty.nl\/nl\/wp-json\/wp\/v2\/media?parent=1706"}],"curies":[{"name":"wp","href":"https:\/\/api.w.org\/{rel}","templated":true}]}}